{"id":92,"date":"2025-03-24T12:29:04","date_gmt":"2025-03-24T12:29:04","guid":{"rendered":"https:\/\/krabat.se\/?page_id=92"},"modified":"2025-03-24T12:30:27","modified_gmt":"2025-03-24T12:30:27","slug":"hela-havet-stormar","status":"publish","type":"page","link":"https:\/\/krabat.se\/en\/lekar\/hela-havet-stormar\/","title":{"rendered":"Hela havet stormar"},"content":{"rendered":"<h3>\ud83e\ude91 Hur leker man Hela havet stormar?<\/h3>\n<p><strong>Antal deltagare:<\/strong> Minst 4 barn, men g\u00e4rna fler<br \/>\n<strong>Plats:<\/strong> Ett rymligt rum eller utrymme utan hinder<\/p>\n<p><strong>Du beh\u00f6ver:<\/strong><br \/>\n\u2013 Stolar (en f\u00e4rre \u00e4n antalet barn)<br \/>\n\u2013 Musik (spelare, mobil eller n\u00e5gon som sjunger!)<\/p>\n<p><strong>S\u00e5 h\u00e4r g\u00e5r det till:<\/strong><\/p>\n<ol>\n<li>St\u00e4ll ut <strong>stolar i en cirkel eller tv\u00e5 rader rygg mot rygg<\/strong>.<br \/>\nDet ska vara <strong>en stol mindre \u00e4n antal barn<\/strong> \u2013 t.ex. 9 barn = 8 stolar.<\/li>\n<li>S\u00e4tt p\u00e5 musik.<br \/>\nAlla barn g\u00e5r (eller dansar!) runt stolarna i takt med musiken.<\/li>\n<li>N\u00e4r musiken <strong>pl\u00f6tsligt stannar<\/strong>, g\u00e4ller det att snabbt s\u00e4tta sig!<\/li>\n<li>Den som blir utan stol \u00e4r ute f\u00f6r omg\u00e5ngen \u2013 eller f\u00e5r en specialuppgift (se tips nedan!).<\/li>\n<li>Ta bort en stol inf\u00f6r varje ny runda tills det bara \u00e4r <strong>en vinnare kvar<\/strong> som f\u00e5r sista stolen.<\/li>\n<\/ol>\n<hr \/>\n<h3>\ud83c\udf89 Tips och tricks f\u00f6r att g\u00f6ra Hela havet stormar \u00e4nnu roligare<\/h3>\n<p>\u2705 <strong>Byt stil varje runda:<\/strong><br \/>\nS\u00e4g till barnen att t.ex. <em>g\u00e5 bakl\u00e4nges, dansa som robotar, g\u00e5 p\u00e5 t\u00e5<\/em> \u2013 det g\u00f6r det b\u00e5de roligare och sv\u00e5rare!<\/p>\n<p>\u2705 <strong>L\u00e5t &#8221;den som \u00e5ker ut&#8221; g\u00f6ra n\u00e5got kul:<\/strong><br \/>\nIst\u00e4llet f\u00f6r att sitta vid sidan om kan de:<br \/>\n\u2013 vara med och styra musiken<br \/>\n\u2013 heja p\u00e5 de andra<br \/>\n\u2013 v\u00e4lja n\u00e4sta dansstil<br \/>\n\u2013 f\u00e5 en \u201c\u00e5terintr\u00e4desbiljett\u201d om de klarar en liten utmaning (t.ex. hoppa j\u00e4mfota 10 g\u00e5nger)<\/p>\n<p>\u2705 <strong>Variera musiken:<\/strong><br \/>\nAnv\u00e4nd barnens favoritl\u00e5tar eller byt musikgenre varje g\u00e5ng \u2013 pop, klassiskt, rock, barnvisor\u2026 g\u00e4rna n\u00e5got ov\u00e4ntat!<\/p>\n<p>\u2705 <strong>L\u00e4gg till rekvisita:<\/strong><br \/>\nKl\u00e4 ut er med hattar, tygstycken eller peruker \u2013 barn \u00e4lskar att leka med lite teater!<\/p>\n<p>\u2705 <strong>G\u00f6r leken samarbetsv\u00e4nlig:<\/strong><br \/>\nI st\u00e4llet f\u00f6r att \u00e5ka ut, para ihop barnen p\u00e5 samma stol. N\u00e4r ni bara har 1 stol kvar, kan man f\u00f6rs\u00f6ka kl\u00e4mma in 3\u20134 barn samtidigt. Skrattgaranti!<\/p>\n<p>\u2705 <strong>L\u00e5t barnen turas om att styra musiken:<\/strong><br \/>\nDen som \u00e5ker ut f\u00e5r styra n\u00e4sta omg\u00e5ng och best\u00e4mma n\u00e4r musiken stannar \u2013 barnen \u00e4lskar makten!<\/p>","protected":false},"excerpt":{"rendered":"<p>\ud83e\ude91 Hur leker man Hela havet stormar? Antal deltagare: Minst 4 barn, men g\u00e4rna fler Plats: Ett rymligt rum eller utrymme utan hinder Du beh\u00f6ver: \u2013 Stolar (en f\u00e4rre \u00e4n antalet\u2026<\/p>","protected":false},"author":2,"featured_media":0,"parent":84,"menu_order":0,"comment_status":"closed","ping_status":"closed","template":"","meta":{"footnotes":""},"class_list":["post-92","page","type-page","status-publish","hentry"],"yoast_head":"<!-- This site is optimized with the Yoast SEO plugin v26.7 - https:\/\/yoast.com\/wordpress\/plugins\/seo\/ -->\n<title>Hela havet stormar - Krabat<\/title>\n<meta name=\"robots\" content=\"index, follow, max-snippet:-1, max-image-preview:large, max-video-preview:-1\" \/>\n<link rel=\"canonical\" href=\"https:\/\/krabat.se\/en\/lekar\/hela-havet-stormar\/\" \/>\n<meta property=\"og:locale\" content=\"en_US\" \/>\n<meta property=\"og:type\" content=\"article\" \/>\n<meta property=\"og:title\" content=\"Hela havet stormar - Krabat\" \/>\n<meta property=\"og:description\" content=\"\ud83e\ude91 Hur leker man Hela havet stormar? Antal deltagare: Minst 4 barn, men g\u00e4rna fler Plats: Ett rymligt rum eller utrymme utan hinder Du beh\u00f6ver: \u2013 Stolar (en f\u00e4rre \u00e4n antalet\u2026\" \/>\n<meta property=\"og:url\" content=\"https:\/\/krabat.se\/en\/lekar\/hela-havet-stormar\/\" \/>\n<meta property=\"og:site_name\" content=\"Krabat\" \/>\n<meta property=\"article:modified_time\" content=\"2025-03-24T12:30:27+00:00\" \/>\n<meta name=\"twitter:card\" content=\"summary_large_image\" \/>\n<meta name=\"twitter:label1\" content=\"Est. reading time\" \/>\n\t<meta name=\"twitter:data1\" content=\"2 minutes\" \/>\n<script type=\"application\/ld+json\" class=\"yoast-schema-graph\">{\"@context\":\"https:\/\/schema.org\",\"@graph\":[{\"@type\":\"WebPage\",\"@id\":\"https:\/\/krabat.se\/lekar\/hela-havet-stormar\/\",\"url\":\"https:\/\/krabat.se\/lekar\/hela-havet-stormar\/\",\"name\":\"Hela havet stormar - Krabat\",\"isPartOf\":{\"@id\":\"https:\/\/krabat.se\/#website\"},\"datePublished\":\"2025-03-24T12:29:04+00:00\",\"dateModified\":\"2025-03-24T12:30:27+00:00\",\"breadcrumb\":{\"@id\":\"https:\/\/krabat.se\/lekar\/hela-havet-stormar\/#breadcrumb\"},\"inLanguage\":\"en-US\",\"potentialAction\":[{\"@type\":\"ReadAction\",\"target\":[\"https:\/\/krabat.se\/lekar\/hela-havet-stormar\/\"]}]},{\"@type\":\"BreadcrumbList\",\"@id\":\"https:\/\/krabat.se\/lekar\/hela-havet-stormar\/#breadcrumb\",\"itemListElement\":[{\"@type\":\"ListItem\",\"position\":1,\"name\":\"Hem\",\"item\":\"https:\/\/krabat.se\/\"},{\"@type\":\"ListItem\",\"position\":2,\"name\":\"Lekar\",\"item\":\"https:\/\/krabat.se\/lekar\/\"},{\"@type\":\"ListItem\",\"position\":3,\"name\":\"Hela havet stormar\"}]},{\"@type\":\"WebSite\",\"@id\":\"https:\/\/krabat.se\/#website\",\"url\":\"https:\/\/krabat.se\/\",\"name\":\"Krabat\",\"description\":\"Krabat \u2013 d\u00e4r leken b\u00f6rjar och fantasin tar vid\",\"publisher\":{\"@id\":\"https:\/\/krabat.se\/#organization\"},\"potentialAction\":[{\"@type\":\"SearchAction\",\"target\":{\"@type\":\"EntryPoint\",\"urlTemplate\":\"https:\/\/krabat.se\/?s={search_term_string}\"},\"query-input\":{\"@type\":\"PropertyValueSpecification\",\"valueRequired\":true,\"valueName\":\"search_term_string\"}}],\"inLanguage\":\"en-US\"},{\"@type\":\"Organization\",\"@id\":\"https:\/\/krabat.se\/#organization\",\"name\":\"Krabat\",\"url\":\"https:\/\/krabat.se\/\",\"logo\":{\"@type\":\"ImageObject\",\"inLanguage\":\"en-US\",\"@id\":\"https:\/\/krabat.se\/#\/schema\/logo\/image\/\",\"url\":\"https:\/\/krabat.se\/wp-content\/uploads\/2025\/09\/Krabat_logga_new-e1770977786364.webp\",\"contentUrl\":\"https:\/\/krabat.se\/wp-content\/uploads\/2025\/09\/Krabat_logga_new-e1770977786364.webp\",\"width\":400,\"height\":102,\"caption\":\"Krabat\"},\"image\":{\"@id\":\"https:\/\/krabat.se\/#\/schema\/logo\/image\/\"}}]}<\/script>\n<!-- \/ Yoast SEO plugin. -->","yoast_head_json":{"title":"Hela havet stormar - Krabat","robots":{"index":"index","follow":"follow","max-snippet":"max-snippet:-1","max-image-preview":"max-image-preview:large","max-video-preview":"max-video-preview:-1"},"canonical":"https:\/\/krabat.se\/en\/lekar\/hela-havet-stormar\/","og_locale":"en_US","og_type":"article","og_title":"Hela havet stormar - Krabat","og_description":"\ud83e\ude91 Hur leker man Hela havet stormar? Antal deltagare: Minst 4 barn, men g\u00e4rna fler Plats: Ett rymligt rum eller utrymme utan hinder Du beh\u00f6ver: \u2013 Stolar (en f\u00e4rre \u00e4n antalet\u2026","og_url":"https:\/\/krabat.se\/en\/lekar\/hela-havet-stormar\/","og_site_name":"Krabat","article_modified_time":"2025-03-24T12:30:27+00:00","twitter_card":"summary_large_image","twitter_misc":{"Est. reading time":"2 minutes"},"schema":{"@context":"https:\/\/schema.org","@graph":[{"@type":"WebPage","@id":"https:\/\/krabat.se\/lekar\/hela-havet-stormar\/","url":"https:\/\/krabat.se\/lekar\/hela-havet-stormar\/","name":"Hela havet stormar - Krabat","isPartOf":{"@id":"https:\/\/krabat.se\/#website"},"datePublished":"2025-03-24T12:29:04+00:00","dateModified":"2025-03-24T12:30:27+00:00","breadcrumb":{"@id":"https:\/\/krabat.se\/lekar\/hela-havet-stormar\/#breadcrumb"},"inLanguage":"en-US","potentialAction":[{"@type":"ReadAction","target":["https:\/\/krabat.se\/lekar\/hela-havet-stormar\/"]}]},{"@type":"BreadcrumbList","@id":"https:\/\/krabat.se\/lekar\/hela-havet-stormar\/#breadcrumb","itemListElement":[{"@type":"ListItem","position":1,"name":"Hem","item":"https:\/\/krabat.se\/"},{"@type":"ListItem","position":2,"name":"Lekar","item":"https:\/\/krabat.se\/lekar\/"},{"@type":"ListItem","position":3,"name":"Hela havet stormar"}]},{"@type":"WebSite","@id":"https:\/\/krabat.se\/#website","url":"https:\/\/krabat.se\/","name":"Krabat","description":"Krabat \u2013 d\u00e4r leken b\u00f6rjar och fantasin tar vid","publisher":{"@id":"https:\/\/krabat.se\/#organization"},"potentialAction":[{"@type":"SearchAction","target":{"@type":"EntryPoint","urlTemplate":"https:\/\/krabat.se\/?s={search_term_string}"},"query-input":{"@type":"PropertyValueSpecification","valueRequired":true,"valueName":"search_term_string"}}],"inLanguage":"en-US"},{"@type":"Organization","@id":"https:\/\/krabat.se\/#organization","name":"Krabat","url":"https:\/\/krabat.se\/","logo":{"@type":"ImageObject","inLanguage":"en-US","@id":"https:\/\/krabat.se\/#\/schema\/logo\/image\/","url":"https:\/\/krabat.se\/wp-content\/uploads\/2025\/09\/Krabat_logga_new-e1770977786364.webp","contentUrl":"https:\/\/krabat.se\/wp-content\/uploads\/2025\/09\/Krabat_logga_new-e1770977786364.webp","width":400,"height":102,"caption":"Krabat"},"image":{"@id":"https:\/\/krabat.se\/#\/schema\/logo\/image\/"}}]}},"_links":{"self":[{"href":"https:\/\/krabat.se\/en\/wp-json\/wp\/v2\/pages\/92","targetHints":{"allow":["GET"]}}],"collection":[{"href":"https:\/\/krabat.se\/en\/wp-json\/wp\/v2\/pages"}],"about":[{"href":"https:\/\/krabat.se\/en\/wp-json\/wp\/v2\/types\/page"}],"author":[{"embeddable":true,"href":"https:\/\/krabat.se\/en\/wp-json\/wp\/v2\/users\/2"}],"replies":[{"embeddable":true,"href":"https:\/\/krabat.se\/en\/wp-json\/wp\/v2\/comments?post=92"}],"version-history":[{"count":3,"href":"https:\/\/krabat.se\/en\/wp-json\/wp\/v2\/pages\/92\/revisions"}],"predecessor-version":[{"id":95,"href":"https:\/\/krabat.se\/en\/wp-json\/wp\/v2\/pages\/92\/revisions\/95"}],"up":[{"embeddable":true,"href":"https:\/\/krabat.se\/en\/wp-json\/wp\/v2\/pages\/84"}],"wp:attachment":[{"href":"https:\/\/krabat.se\/en\/wp-json\/wp\/v2\/media?parent=92"}],"curies":[{"name":"wp","href":"https:\/\/api.w.org\/{rel}","templated":true}]}}