{"id":87,"date":"2025-03-24T12:15:26","date_gmt":"2025-03-24T12:15:26","guid":{"rendered":"https:\/\/krabat.se\/?page_id=87"},"modified":"2025-03-24T12:25:22","modified_gmt":"2025-03-24T12:25:22","slug":"gomma-nyckeln","status":"publish","type":"page","link":"https:\/\/krabat.se\/en\/lekar\/gomma-nyckeln\/","title":{"rendered":"G\u00f6mma nyckeln"},"content":{"rendered":"<h3>\ud83d\udddd Hur leker man G\u00f6mma nyckeln?<\/h3>\n<p><strong>Antal deltagare:<\/strong> 2 eller fler<br \/>\n<strong>Plats:<\/strong> Inomhus eller utomhus \u2013 funkar b\u00e4st i ett rum eller omr\u00e5de med flera m\u00f6jliga g\u00f6mst\u00e4llen<\/p>\n<p><strong>Du beh\u00f6ver:<\/strong><br \/>\n\u2013 En liten sak att g\u00f6mma, t.ex. en nyckel, liten leksak eller ett gosedjur<br \/>\n\u2013 Glada barn med god fantasi!<\/p>\n<p><strong>S\u00e5 h\u00e4r g\u00f6r du:<\/strong><\/p>\n<ol>\n<li><strong>V\u00e4lj en som g\u00f6mmer<\/strong> nyckeln (eller den lilla saken).<\/li>\n<li><strong>De andra blundar<\/strong> eller g\u00e5r ut ur rummet.<\/li>\n<li>N\u00e4r saken \u00e4r g\u00f6md, <strong>ropar man att det \u00e4r dags att leta!<\/strong><\/li>\n<li>Under letandet f\u00e5r barnen hj\u00e4lp genom att h\u00f6ra orden:\n<ul>\n<li>\u201c<strong>Kall<\/strong>\u201d \u2013 l\u00e5ngt ifr\u00e5n g\u00f6mman<\/li>\n<li>\u201c<strong>Ljum<\/strong>\u201d \u2013 n\u00e4rmare<\/li>\n<li>\u201c<strong>Varm<\/strong>\u201d \u2013 riktigt n\u00e4ra<\/li>\n<li>\u201c<strong>Stekhet!<\/strong>\u201d \u2013 precis intill!<\/li>\n<\/ul>\n<\/li>\n<li>Den som hittar nyckeln f\u00e5r g\u00f6mma den n\u00e4sta g\u00e5ng!<\/li>\n<\/ol>\n<hr \/>\n<h3>\ud83c\udf89 Tips f\u00f6r att g\u00f6ra G\u00f6mma nyckeln extra kul<\/h3>\n<p>\u2705 <strong>Byt ut nyckeln mot roliga saker:<\/strong><br \/>\nEn liten nalle, en plastgroda, en f\u00e4rgglad sten \u2013 allt blir roligare om g\u00f6mman k\u00e4nns lite hemlig och magisk.<\/p>\n<p>\u2705 <strong>G\u00f6r en skattkarta:<\/strong><br \/>\nF\u00f6r \u00e4ldre barn \u2013 rita enkla ledtr\u00e5dar eller bilder som leder mot g\u00f6mman.<\/p>\n<p>\u2705 <strong>Jobba med belysning:<\/strong><br \/>\nSl\u00e4ck ner lite eller anv\u00e4nd ficklampor om ni leker inomhus \u2013 det h\u00f6jer sp\u00e4nningen!<\/p>\n<p>\u2705 <strong>Tidsbegr\u00e4nsning:<\/strong><br \/>\nAnv\u00e4nd en \u00e4ggklocka eller nedr\u00e4kning \u2013 \u201cNi har 2 minuter att hitta nyckeln!\u201d<\/p>\n<p>\u2705 <strong>Team-up:<\/strong><br \/>\nL\u00e5t barnen leta tv\u00e5 och tv\u00e5 \u2013 det tr\u00e4nar samarbete.<\/p>\n<p>\u2705 <strong>Variera rummet:<\/strong><br \/>\nL\u00e5t g\u00f6mningen ske i olika delar av huset eller tr\u00e4dg\u00e5rden varje omg\u00e5ng s\u00e5 att det inte blir f\u00f6r enkelt.<\/p>\n<p>\u2705 <strong>G\u00f6m extra saker:<\/strong><br \/>\nL\u00e4gg till \u201cf\u00e4llor\u201d som t.ex. l\u00e5tsasnycklar eller g\u00f6mda lappar med ledtr\u00e5dar.<\/p>","protected":false},"excerpt":{"rendered":"<p>\ud83d\udddd Hur leker man G\u00f6mma nyckeln? Antal deltagare: 2 eller fler Plats: Inomhus eller utomhus \u2013 funkar b\u00e4st i ett rum eller omr\u00e5de med flera m\u00f6jliga g\u00f6mst\u00e4llen Du beh\u00f6ver: \u2013 En\u2026<\/p>","protected":false},"author":2,"featured_media":0,"parent":84,"menu_order":0,"comment_status":"closed","ping_status":"closed","template":"","meta":{"footnotes":""},"class_list":["post-87","page","type-page","status-publish","hentry"],"yoast_head":"<!-- This site is optimized with the Yoast SEO plugin v26.7 - https:\/\/yoast.com\/wordpress\/plugins\/seo\/ -->\n<title>G\u00f6mma nyckeln - Krabat<\/title>\n<meta name=\"robots\" content=\"index, follow, max-snippet:-1, max-image-preview:large, max-video-preview:-1\" \/>\n<link rel=\"canonical\" href=\"https:\/\/krabat.se\/en\/lekar\/gomma-nyckeln\/\" \/>\n<meta property=\"og:locale\" content=\"en_US\" \/>\n<meta property=\"og:type\" content=\"article\" \/>\n<meta property=\"og:title\" content=\"G\u00f6mma nyckeln - Krabat\" \/>\n<meta property=\"og:description\" content=\"\ud83d\udddd Hur leker man G\u00f6mma nyckeln? Antal deltagare: 2 eller fler Plats: Inomhus eller utomhus \u2013 funkar b\u00e4st i ett rum eller omr\u00e5de med flera m\u00f6jliga g\u00f6mst\u00e4llen Du beh\u00f6ver: \u2013 En\u2026\" \/>\n<meta property=\"og:url\" content=\"https:\/\/krabat.se\/en\/lekar\/gomma-nyckeln\/\" \/>\n<meta property=\"og:site_name\" content=\"Krabat\" \/>\n<meta property=\"article:modified_time\" content=\"2025-03-24T12:25:22+00:00\" \/>\n<meta name=\"twitter:card\" content=\"summary_large_image\" \/>\n<meta name=\"twitter:label1\" content=\"Est. reading time\" \/>\n\t<meta name=\"twitter:data1\" content=\"1 minute\" \/>\n<script type=\"application\/ld+json\" class=\"yoast-schema-graph\">{\"@context\":\"https:\/\/schema.org\",\"@graph\":[{\"@type\":\"WebPage\",\"@id\":\"https:\/\/krabat.se\/lekar\/gomma-nyckeln\/\",\"url\":\"https:\/\/krabat.se\/lekar\/gomma-nyckeln\/\",\"name\":\"G\u00f6mma nyckeln - Krabat\",\"isPartOf\":{\"@id\":\"https:\/\/krabat.se\/#website\"},\"datePublished\":\"2025-03-24T12:15:26+00:00\",\"dateModified\":\"2025-03-24T12:25:22+00:00\",\"breadcrumb\":{\"@id\":\"https:\/\/krabat.se\/lekar\/gomma-nyckeln\/#breadcrumb\"},\"inLanguage\":\"en-US\",\"potentialAction\":[{\"@type\":\"ReadAction\",\"target\":[\"https:\/\/krabat.se\/lekar\/gomma-nyckeln\/\"]}]},{\"@type\":\"BreadcrumbList\",\"@id\":\"https:\/\/krabat.se\/lekar\/gomma-nyckeln\/#breadcrumb\",\"itemListElement\":[{\"@type\":\"ListItem\",\"position\":1,\"name\":\"Hem\",\"item\":\"https:\/\/krabat.se\/\"},{\"@type\":\"ListItem\",\"position\":2,\"name\":\"Lekar\",\"item\":\"https:\/\/krabat.se\/lekar\/\"},{\"@type\":\"ListItem\",\"position\":3,\"name\":\"G\u00f6mma nyckeln\"}]},{\"@type\":\"WebSite\",\"@id\":\"https:\/\/krabat.se\/#website\",\"url\":\"https:\/\/krabat.se\/\",\"name\":\"Krabat\",\"description\":\"Krabat \u2013 d\u00e4r leken b\u00f6rjar och fantasin tar vid\",\"publisher\":{\"@id\":\"https:\/\/krabat.se\/#organization\"},\"potentialAction\":[{\"@type\":\"SearchAction\",\"target\":{\"@type\":\"EntryPoint\",\"urlTemplate\":\"https:\/\/krabat.se\/?s={search_term_string}\"},\"query-input\":{\"@type\":\"PropertyValueSpecification\",\"valueRequired\":true,\"valueName\":\"search_term_string\"}}],\"inLanguage\":\"en-US\"},{\"@type\":\"Organization\",\"@id\":\"https:\/\/krabat.se\/#organization\",\"name\":\"Krabat\",\"url\":\"https:\/\/krabat.se\/\",\"logo\":{\"@type\":\"ImageObject\",\"inLanguage\":\"en-US\",\"@id\":\"https:\/\/krabat.se\/#\/schema\/logo\/image\/\",\"url\":\"https:\/\/krabat.se\/wp-content\/uploads\/2025\/09\/Krabat_logga_new-e1770977786364.webp\",\"contentUrl\":\"https:\/\/krabat.se\/wp-content\/uploads\/2025\/09\/Krabat_logga_new-e1770977786364.webp\",\"width\":400,\"height\":102,\"caption\":\"Krabat\"},\"image\":{\"@id\":\"https:\/\/krabat.se\/#\/schema\/logo\/image\/\"}}]}<\/script>\n<!-- \/ Yoast SEO plugin. -->","yoast_head_json":{"title":"G\u00f6mma nyckeln - Krabat","robots":{"index":"index","follow":"follow","max-snippet":"max-snippet:-1","max-image-preview":"max-image-preview:large","max-video-preview":"max-video-preview:-1"},"canonical":"https:\/\/krabat.se\/en\/lekar\/gomma-nyckeln\/","og_locale":"en_US","og_type":"article","og_title":"G\u00f6mma nyckeln - Krabat","og_description":"\ud83d\udddd Hur leker man G\u00f6mma nyckeln? Antal deltagare: 2 eller fler Plats: Inomhus eller utomhus \u2013 funkar b\u00e4st i ett rum eller omr\u00e5de med flera m\u00f6jliga g\u00f6mst\u00e4llen Du beh\u00f6ver: \u2013 En\u2026","og_url":"https:\/\/krabat.se\/en\/lekar\/gomma-nyckeln\/","og_site_name":"Krabat","article_modified_time":"2025-03-24T12:25:22+00:00","twitter_card":"summary_large_image","twitter_misc":{"Est. reading time":"1 minute"},"schema":{"@context":"https:\/\/schema.org","@graph":[{"@type":"WebPage","@id":"https:\/\/krabat.se\/lekar\/gomma-nyckeln\/","url":"https:\/\/krabat.se\/lekar\/gomma-nyckeln\/","name":"G\u00f6mma nyckeln - Krabat","isPartOf":{"@id":"https:\/\/krabat.se\/#website"},"datePublished":"2025-03-24T12:15:26+00:00","dateModified":"2025-03-24T12:25:22+00:00","breadcrumb":{"@id":"https:\/\/krabat.se\/lekar\/gomma-nyckeln\/#breadcrumb"},"inLanguage":"en-US","potentialAction":[{"@type":"ReadAction","target":["https:\/\/krabat.se\/lekar\/gomma-nyckeln\/"]}]},{"@type":"BreadcrumbList","@id":"https:\/\/krabat.se\/lekar\/gomma-nyckeln\/#breadcrumb","itemListElement":[{"@type":"ListItem","position":1,"name":"Hem","item":"https:\/\/krabat.se\/"},{"@type":"ListItem","position":2,"name":"Lekar","item":"https:\/\/krabat.se\/lekar\/"},{"@type":"ListItem","position":3,"name":"G\u00f6mma nyckeln"}]},{"@type":"WebSite","@id":"https:\/\/krabat.se\/#website","url":"https:\/\/krabat.se\/","name":"Krabat","description":"Krabat \u2013 d\u00e4r leken b\u00f6rjar och fantasin tar vid","publisher":{"@id":"https:\/\/krabat.se\/#organization"},"potentialAction":[{"@type":"SearchAction","target":{"@type":"EntryPoint","urlTemplate":"https:\/\/krabat.se\/?s={search_term_string}"},"query-input":{"@type":"PropertyValueSpecification","valueRequired":true,"valueName":"search_term_string"}}],"inLanguage":"en-US"},{"@type":"Organization","@id":"https:\/\/krabat.se\/#organization","name":"Krabat","url":"https:\/\/krabat.se\/","logo":{"@type":"ImageObject","inLanguage":"en-US","@id":"https:\/\/krabat.se\/#\/schema\/logo\/image\/","url":"https:\/\/krabat.se\/wp-content\/uploads\/2025\/09\/Krabat_logga_new-e1770977786364.webp","contentUrl":"https:\/\/krabat.se\/wp-content\/uploads\/2025\/09\/Krabat_logga_new-e1770977786364.webp","width":400,"height":102,"caption":"Krabat"},"image":{"@id":"https:\/\/krabat.se\/#\/schema\/logo\/image\/"}}]}},"_links":{"self":[{"href":"https:\/\/krabat.se\/en\/wp-json\/wp\/v2\/pages\/87","targetHints":{"allow":["GET"]}}],"collection":[{"href":"https:\/\/krabat.se\/en\/wp-json\/wp\/v2\/pages"}],"about":[{"href":"https:\/\/krabat.se\/en\/wp-json\/wp\/v2\/types\/page"}],"author":[{"embeddable":true,"href":"https:\/\/krabat.se\/en\/wp-json\/wp\/v2\/users\/2"}],"replies":[{"embeddable":true,"href":"https:\/\/krabat.se\/en\/wp-json\/wp\/v2\/comments?post=87"}],"version-history":[{"count":4,"href":"https:\/\/krabat.se\/en\/wp-json\/wp\/v2\/pages\/87\/revisions"}],"predecessor-version":[{"id":91,"href":"https:\/\/krabat.se\/en\/wp-json\/wp\/v2\/pages\/87\/revisions\/91"}],"up":[{"embeddable":true,"href":"https:\/\/krabat.se\/en\/wp-json\/wp\/v2\/pages\/84"}],"wp:attachment":[{"href":"https:\/\/krabat.se\/en\/wp-json\/wp\/v2\/media?parent=87"}],"curies":[{"name":"wp","href":"https:\/\/api.w.org\/{rel}","templated":true}]}}