{"id":79,"date":"2025-03-24T11:52:25","date_gmt":"2025-03-24T11:52:25","guid":{"rendered":"https:\/\/krabat.se\/?page_id=79"},"modified":"2025-03-24T11:52:28","modified_gmt":"2025-03-24T11:52:28","slug":"kontakta-oss","status":"publish","type":"page","link":"https:\/\/krabat.se\/en\/kontakta-oss\/","title":{"rendered":"Kontakta oss"},"content":{"rendered":"<h3>Kontakta oss \u2013 d\u00e4r leken b\u00f6rjar och fantasin tar vid<\/h3>\n<p>V\u00e4lkommen till <a href=\"https:\/\/krabat.se\/en\/\">Krabat<\/a>.se \u2013 en plats f\u00f6r dig som tror p\u00e5 barndomens magi, p\u00e5 fantasilek utan sk\u00e4rm, och p\u00e5 att barn l\u00e4r sig b\u00e4st n\u00e4r de f\u00e5r vara just det: barn.<\/p>\n<p>Vi s\u00e4ljer inga produkter f\u00f6r tillf\u00e4llet, men vi delar g\u00e4rna med oss av inspiration, kunskap och id\u00e9er kring traditionell lek, h\u00e5llbara <a href=\"https:\/\/krabat.se\/en\/leksaker\/krabat-leksaker-for-barn-som-inspirerar-lek-och-larande\/\">leksaker<\/a> och kreativa s\u00e4tt att uppt\u00e4cka v\u00e4rlden. Vi tror p\u00e5 att skapa utrymme f\u00f6r lek, gemenskap och nyfikenhet \u2013 b\u00e5de digitalt och i verkliga livet.<\/p>\n<p>Har du fr\u00e5gor, tankar eller egna id\u00e9er du vill dela med oss?<br \/>\nVill du samarbeta, komma med feedback eller tipsa oss om n\u00e5got kul?<\/p>\n<p>D\u00e5 vill vi v\u00e4ldigt g\u00e4rna h\u00f6ra fr\u00e5n dig!<br \/>\nFyll i formul\u00e4ret nedan \u2013 vi l\u00e4ser alla meddelanden med stor nyfikenhet och gl\u00e4dje.<\/p>\n<hr \/>\n<h4>\ud83d\udcdd Skicka ett meddelande<\/h4>\n\n<div class=\"wpcf7 no-js\" id=\"wpcf7-f5-o1\" lang=\"sv-SE\" dir=\"ltr\" data-wpcf7-id=\"5\">\n<div class=\"screen-reader-response\"><p role=\"status\" aria-live=\"polite\" aria-atomic=\"true\"><\/p> <ul><\/ul><\/div>\n<form action=\"\/en\/wp-json\/wp\/v2\/pages\/79#wpcf7-f5-o1\" method=\"post\" class=\"wpcf7-form init\" aria-label=\"Kontaktformul\u00e4r\" novalidate=\"novalidate\" data-status=\"init\" data-trp-original-action=\"\/en\/wp-json\/wp\/v2\/pages\/79#wpcf7-f5-o1\">\n<fieldset class=\"hidden-fields-container\"><input type=\"hidden\" name=\"_wpcf7\" value=\"5\" \/><input type=\"hidden\" name=\"_wpcf7_version\" value=\"6.1.4\" \/><input type=\"hidden\" name=\"_wpcf7_locale\" value=\"sv_SE\" \/><input type=\"hidden\" name=\"_wpcf7_unit_tag\" value=\"wpcf7-f5-o1\" \/><input type=\"hidden\" name=\"_wpcf7_container_post\" value=\"0\" \/><input type=\"hidden\" name=\"_wpcf7_posted_data_hash\" value=\"\" \/>\n<\/fieldset>\n<p><label> Ditt namn<br \/>\n<span class=\"wpcf7-form-control-wrap\" data-name=\"your-name\"><input size=\"40\" maxlength=\"400\" class=\"wpcf7-form-control wpcf7-text wpcf7-validates-as-required\" autocomplete=\"name\" aria-required=\"true\" aria-invalid=\"false\" value=\"\" type=\"text\" name=\"your-name\" \/><\/span> <\/label>\n<\/p>\n<p><label> Din e-post<br \/>\n<span class=\"wpcf7-form-control-wrap\" data-name=\"your-email\"><input size=\"40\" maxlength=\"400\" class=\"wpcf7-form-control wpcf7-email wpcf7-validates-as-required wpcf7-text wpcf7-validates-as-email\" autocomplete=\"email\" aria-required=\"true\" aria-invalid=\"false\" value=\"\" type=\"email\" name=\"your-email\" \/><\/span> <\/label>\n<\/p>\n<p><label> \u00c4mne<br \/>\n<span class=\"wpcf7-form-control-wrap\" data-name=\"your-subject\"><input size=\"40\" maxlength=\"400\" class=\"wpcf7-form-control wpcf7-text wpcf7-validates-as-required\" aria-required=\"true\" aria-invalid=\"false\" value=\"\" type=\"text\" name=\"your-subject\" \/><\/span> <\/label>\n<\/p>\n<p><label> Ditt meddelande (valfritt)<br \/>\n<span class=\"wpcf7-form-control-wrap\" data-name=\"your-message\"><textarea cols=\"40\" rows=\"10\" maxlength=\"2000\" class=\"wpcf7-form-control wpcf7-textarea\" aria-invalid=\"false\" name=\"your-message\"><\/textarea><\/span> <\/label>\n<\/p>\n<p><input class=\"wpcf7-form-control wpcf7-submit has-spinner\" type=\"submit\" value=\"Skicka\" \/>\n<\/p><div class=\"wpcf7-response-output\" aria-hidden=\"true\"><\/div>\n<input type=\"hidden\" name=\"trp-form-language\" value=\"en\"\/><\/form>\n<\/div>\n\n<p><strong>Krabat \u2013 d\u00e4r leken b\u00f6rjar och fantasin tar vid.<\/strong> \ud83c\udf08<\/p>","protected":false},"excerpt":{"rendered":"<p>Kontakta oss \u2013 d\u00e4r leken b\u00f6rjar och fantasin tar vid V\u00e4lkommen till Krabat.se \u2013 en plats f\u00f6r dig som tror p\u00e5 barndomens magi, p\u00e5 fantasilek utan sk\u00e4rm, och p\u00e5 att barn\u2026<\/p>","protected":false},"author":2,"featured_media":0,"parent":0,"menu_order":0,"comment_status":"closed","ping_status":"closed","template":"","meta":{"footnotes":""},"class_list":["post-79","page","type-page","status-publish","hentry"],"yoast_head":"<!-- This site is optimized with the Yoast SEO plugin v26.7 - https:\/\/yoast.com\/wordpress\/plugins\/seo\/ -->\n<title>Kontakta oss - Krabat<\/title>\n<meta name=\"robots\" content=\"index, follow, max-snippet:-1, max-image-preview:large, max-video-preview:-1\" \/>\n<link rel=\"canonical\" href=\"https:\/\/krabat.se\/en\/kontakta-oss\/\" \/>\n<meta property=\"og:locale\" content=\"en_US\" \/>\n<meta property=\"og:type\" content=\"article\" \/>\n<meta property=\"og:title\" content=\"Kontakta oss - Krabat\" \/>\n<meta property=\"og:description\" content=\"Kontakta oss \u2013 d\u00e4r leken b\u00f6rjar och fantasin tar vid V\u00e4lkommen till Krabat.se \u2013 en plats f\u00f6r dig som tror p\u00e5 barndomens magi, p\u00e5 fantasilek utan sk\u00e4rm, och p\u00e5 att barn\u2026\" \/>\n<meta property=\"og:url\" content=\"https:\/\/krabat.se\/en\/kontakta-oss\/\" \/>\n<meta property=\"og:site_name\" content=\"Krabat\" \/>\n<meta property=\"article:modified_time\" content=\"2025-03-24T11:52:28+00:00\" \/>\n<meta name=\"twitter:card\" content=\"summary_large_image\" \/>\n<meta name=\"twitter:label1\" content=\"Est. reading time\" \/>\n\t<meta name=\"twitter:data1\" content=\"1 minute\" \/>\n<script type=\"application\/ld+json\" class=\"yoast-schema-graph\">{\"@context\":\"https:\/\/schema.org\",\"@graph\":[{\"@type\":\"WebPage\",\"@id\":\"https:\/\/krabat.se\/kontakta-oss\/\",\"url\":\"https:\/\/krabat.se\/kontakta-oss\/\",\"name\":\"Kontakta oss - Krabat\",\"isPartOf\":{\"@id\":\"https:\/\/krabat.se\/#website\"},\"datePublished\":\"2025-03-24T11:52:25+00:00\",\"dateModified\":\"2025-03-24T11:52:28+00:00\",\"breadcrumb\":{\"@id\":\"https:\/\/krabat.se\/kontakta-oss\/#breadcrumb\"},\"inLanguage\":\"en-US\",\"potentialAction\":[{\"@type\":\"ReadAction\",\"target\":[\"https:\/\/krabat.se\/kontakta-oss\/\"]}]},{\"@type\":\"BreadcrumbList\",\"@id\":\"https:\/\/krabat.se\/kontakta-oss\/#breadcrumb\",\"itemListElement\":[{\"@type\":\"ListItem\",\"position\":1,\"name\":\"Hem\",\"item\":\"https:\/\/krabat.se\/\"},{\"@type\":\"ListItem\",\"position\":2,\"name\":\"Kontakta oss\"}]},{\"@type\":\"WebSite\",\"@id\":\"https:\/\/krabat.se\/#website\",\"url\":\"https:\/\/krabat.se\/\",\"name\":\"Krabat\",\"description\":\"Krabat \u2013 d\u00e4r leken b\u00f6rjar och fantasin tar vid\",\"publisher\":{\"@id\":\"https:\/\/krabat.se\/#organization\"},\"potentialAction\":[{\"@type\":\"SearchAction\",\"target\":{\"@type\":\"EntryPoint\",\"urlTemplate\":\"https:\/\/krabat.se\/?s={search_term_string}\"},\"query-input\":{\"@type\":\"PropertyValueSpecification\",\"valueRequired\":true,\"valueName\":\"search_term_string\"}}],\"inLanguage\":\"en-US\"},{\"@type\":\"Organization\",\"@id\":\"https:\/\/krabat.se\/#organization\",\"name\":\"Krabat\",\"url\":\"https:\/\/krabat.se\/\",\"logo\":{\"@type\":\"ImageObject\",\"inLanguage\":\"en-US\",\"@id\":\"https:\/\/krabat.se\/#\/schema\/logo\/image\/\",\"url\":\"https:\/\/krabat.se\/wp-content\/uploads\/2025\/09\/Krabat_logga_new-e1770977786364.webp\",\"contentUrl\":\"https:\/\/krabat.se\/wp-content\/uploads\/2025\/09\/Krabat_logga_new-e1770977786364.webp\",\"width\":400,\"height\":102,\"caption\":\"Krabat\"},\"image\":{\"@id\":\"https:\/\/krabat.se\/#\/schema\/logo\/image\/\"}}]}<\/script>\n<!-- \/ Yoast SEO plugin. -->","yoast_head_json":{"title":"Kontakta oss - Krabat","robots":{"index":"index","follow":"follow","max-snippet":"max-snippet:-1","max-image-preview":"max-image-preview:large","max-video-preview":"max-video-preview:-1"},"canonical":"https:\/\/krabat.se\/en\/kontakta-oss\/","og_locale":"en_US","og_type":"article","og_title":"Kontakta oss - Krabat","og_description":"Kontakta oss \u2013 d\u00e4r leken b\u00f6rjar och fantasin tar vid V\u00e4lkommen till Krabat.se \u2013 en plats f\u00f6r dig som tror p\u00e5 barndomens magi, p\u00e5 fantasilek utan sk\u00e4rm, och p\u00e5 att barn\u2026","og_url":"https:\/\/krabat.se\/en\/kontakta-oss\/","og_site_name":"Krabat","article_modified_time":"2025-03-24T11:52:28+00:00","twitter_card":"summary_large_image","twitter_misc":{"Est. reading time":"1 minute"},"schema":{"@context":"https:\/\/schema.org","@graph":[{"@type":"WebPage","@id":"https:\/\/krabat.se\/kontakta-oss\/","url":"https:\/\/krabat.se\/kontakta-oss\/","name":"Kontakta oss - Krabat","isPartOf":{"@id":"https:\/\/krabat.se\/#website"},"datePublished":"2025-03-24T11:52:25+00:00","dateModified":"2025-03-24T11:52:28+00:00","breadcrumb":{"@id":"https:\/\/krabat.se\/kontakta-oss\/#breadcrumb"},"inLanguage":"en-US","potentialAction":[{"@type":"ReadAction","target":["https:\/\/krabat.se\/kontakta-oss\/"]}]},{"@type":"BreadcrumbList","@id":"https:\/\/krabat.se\/kontakta-oss\/#breadcrumb","itemListElement":[{"@type":"ListItem","position":1,"name":"Hem","item":"https:\/\/krabat.se\/"},{"@type":"ListItem","position":2,"name":"Kontakta oss"}]},{"@type":"WebSite","@id":"https:\/\/krabat.se\/#website","url":"https:\/\/krabat.se\/","name":"Krabat","description":"Krabat \u2013 d\u00e4r leken b\u00f6rjar och fantasin tar vid","publisher":{"@id":"https:\/\/krabat.se\/#organization"},"potentialAction":[{"@type":"SearchAction","target":{"@type":"EntryPoint","urlTemplate":"https:\/\/krabat.se\/?s={search_term_string}"},"query-input":{"@type":"PropertyValueSpecification","valueRequired":true,"valueName":"search_term_string"}}],"inLanguage":"en-US"},{"@type":"Organization","@id":"https:\/\/krabat.se\/#organization","name":"Krabat","url":"https:\/\/krabat.se\/","logo":{"@type":"ImageObject","inLanguage":"en-US","@id":"https:\/\/krabat.se\/#\/schema\/logo\/image\/","url":"https:\/\/krabat.se\/wp-content\/uploads\/2025\/09\/Krabat_logga_new-e1770977786364.webp","contentUrl":"https:\/\/krabat.se\/wp-content\/uploads\/2025\/09\/Krabat_logga_new-e1770977786364.webp","width":400,"height":102,"caption":"Krabat"},"image":{"@id":"https:\/\/krabat.se\/#\/schema\/logo\/image\/"}}]}},"_links":{"self":[{"href":"https:\/\/krabat.se\/en\/wp-json\/wp\/v2\/pages\/79","targetHints":{"allow":["GET"]}}],"collection":[{"href":"https:\/\/krabat.se\/en\/wp-json\/wp\/v2\/pages"}],"about":[{"href":"https:\/\/krabat.se\/en\/wp-json\/wp\/v2\/types\/page"}],"author":[{"embeddable":true,"href":"https:\/\/krabat.se\/en\/wp-json\/wp\/v2\/users\/2"}],"replies":[{"embeddable":true,"href":"https:\/\/krabat.se\/en\/wp-json\/wp\/v2\/comments?post=79"}],"version-history":[{"count":1,"href":"https:\/\/krabat.se\/en\/wp-json\/wp\/v2\/pages\/79\/revisions"}],"predecessor-version":[{"id":80,"href":"https:\/\/krabat.se\/en\/wp-json\/wp\/v2\/pages\/79\/revisions\/80"}],"wp:attachment":[{"href":"https:\/\/krabat.se\/en\/wp-json\/wp\/v2\/media?parent=79"}],"curies":[{"name":"wp","href":"https:\/\/api.w.org\/{rel}","templated":true}]}}