{"id":207,"date":"2025-03-24T16:16:45","date_gmt":"2025-03-24T15:16:45","guid":{"rendered":"https:\/\/krabat.se\/?page_id=207"},"modified":"2025-03-24T16:16:49","modified_gmt":"2025-03-24T15:16:49","slug":"kurragomma","status":"publish","type":"page","link":"https:\/\/krabat.se\/en\/kalas\/10-utomhuslekar\/kurragomma\/","title":{"rendered":"Kurrag\u00f6mma"},"content":{"rendered":"<h2>\ud83c\udf33 Lekledarguide: Kurrag\u00f6mma i tr\u00e4dg\u00e5rden<\/h2>\n<hr \/>\n<h3>\ud83c\udfaf M\u00e5let:<\/h3>\n<p>En (eller flera) barn r\u00e4knar \u2013 de andra g\u00f6mmer sig. Den som r\u00e4knar ska hitta alla, och den som g\u00f6mmer sig b\u00e4st vinner!<\/p>\n<hr \/>\n<h3>\ud83e\uddfa Du beh\u00f6ver:<\/h3>\n<p>\u2013 En <strong>trygg och tydligt avgr\u00e4nsad tr\u00e4dg\u00e5rd<\/strong> eller lekplats<br \/>\n\u2013 En <strong>r\u00e4kningsplats\/bas<\/strong> (t.ex. ett tr\u00e4d, en stol eller ett rep)<br \/>\n\u2013 Minst 3 barn, men g\u00e4rna fler!<br \/>\n\u2013 En vuxen som har lite koll p\u00e5 omr\u00e5det<\/p>\n<hr \/>\n<h3>\ud83d\udc5f S\u00e5 h\u00e4r g\u00e5r leken till:<\/h3>\n<ol>\n<li><strong>V\u00e4lj vem som r\u00e4knar f\u00f6rst<\/strong> \u2013 g\u00e4rna med en ramsa eller \u201csten-sax-p\u00e5se\u201d.<\/li>\n<li>R\u00e4kna h\u00f6gt (ex. till 20 eller 50) <strong>vid en basplats med slutna \u00f6gon<\/strong>.<\/li>\n<li><strong>Alla andra barn g\u00f6mmer sig<\/strong> under tiden \u2013 i buskar, bakom tr\u00e4d, under filtar, osv. (inget farligt eller f\u00f6r h\u00f6gt!)<\/li>\n<li>N\u00e4r r\u00e4kningen \u00e4r klar ropas:<br \/>\n<strong>\u201cNu kommer jag!\u201d<\/strong><br \/>\n\u2026och letandet b\u00f6rjar.<\/li>\n<li><strong>Den som r\u00e4knar letar tills alla \u00e4r hittade<\/strong>. F\u00f6r att \u00f6ka sp\u00e4nningen: den som blir hittad f\u00e5r springa tillbaka till basen \u2013 f\u00f6rst dit f\u00e5r r\u00e4kna n\u00e4sta g\u00e5ng!<\/li>\n<\/ol>\n<hr \/>\n<h3>\ud83c\udf89 Tips f\u00f6r extra rolig kurrag\u00f6mma:<\/h3>\n<p>\u2705 <strong>Markera lekomr\u00e5det<\/strong><br \/>\n\u2013 S\u00e4tt upp sn\u00f6ren, kottar eller f\u00e4rgband s\u00e5 barnen vet var gr\u00e4nsen g\u00e5r.<\/p>\n<p>\u2705 <strong>L\u00e4gg till en &#8221;frizon&#8221; eller bas<\/strong><br \/>\n\u2013 G\u00f6r ett \u201chem\u201d d\u00e4r barnen kan smyga till f\u00f6r att bli fria (innan de blir hittade).<\/p>\n<p>\u2705 <strong>S\u00e4tt en tidsgr\u00e4ns<\/strong><br \/>\n\u2013 Om n\u00e5gon inte hittas inom 5 minuter: rop som \u201cKom fram och vinn!\u201d kan g\u00f6ra det r\u00e4ttvist och avsluta rundan.<\/p>\n<p>\u2705 <strong>Lek med teman:<\/strong><br \/>\n\u2013 Piratkurrag\u00f6mma<br \/>\n\u2013 Djurens g\u00f6mst\u00e4lle<br \/>\n\u2013 Rymdg\u00f6mmor med \u201cutkl\u00e4dda\u201d f\u00f6rem\u00e5l<\/p>\n<p>\u2705 <strong>L\u00e5t ett \u00e4ldre barn vara hj\u00e4lpledare<\/strong><br \/>\n\u2013 S\u00e4rskilt bra med mindre barn \u2013 trygghet och hj\u00e4lp f\u00f6r att h\u00e5lla ordning.<\/p>\n<p>\u2705 <strong>Variera rollerna<\/strong><br \/>\n\u2013 K\u00f6r \u201cv\u00e4nd <a href=\"https:\/\/krabat.se\/en\/lekar\/kurragomma\/\">kurrag\u00f6mma<\/a>\u201d (d\u00e4r en g\u00f6mmer sig och alla letar \u2013 och g\u00f6mmer sig bredvid n\u00e4r de hittar!)<br \/>\n\u2013 K\u00f6r \u201cm\u00f6rkerkurrag\u00f6mma\u201d i skymningen med ficklampor (f\u00f6r st\u00f6rre barn)<\/p>\n<hr \/>\n<h3>\ud83d\udce3 Som lekledare \u2013 t\u00e4nk p\u00e5:<\/h3>\n<p>\u2714\ufe0f H\u00e5ll ett \u00f6ga p\u00e5 hela omr\u00e5det<br \/>\n\u2714\ufe0f Se till att ingen g\u00f6mmer sig p\u00e5 farliga st\u00e4llen (t.ex. redskap, under bilar, n\u00e4ra vatten)<br \/>\n\u2714\ufe0f Var uppmuntrande \u2013 inte t\u00e4vlingsinriktad<br \/>\n\u2714\ufe0f Byt s\u00f6kare ofta s\u00e5 alla f\u00e5r prova<\/p>\n<hr \/>\n<h3>\ud83c\udfc6 Avslutning:<\/h3>\n<p>Avsluta med att <strong>ropa in alla barn<\/strong> och kanske ge en liten bel\u00f6ning till:<br \/>\n\u2013 \u201cB\u00e4sta g\u00f6mst\u00e4llet\u201d<br \/>\n\u2013 \u201cSnabbaste till basen\u201d<br \/>\n\u2013 \u201cMest tystl\u00e5tna smygaren\u201d<\/p>","protected":false},"excerpt":{"rendered":"<p>\ud83c\udf33 Lekledarguide: Kurrag\u00f6mma i tr\u00e4dg\u00e5rden \ud83c\udfaf M\u00e5let: En (eller flera) barn r\u00e4knar \u2013 de andra g\u00f6mmer sig. Den som r\u00e4knar ska hitta alla, och den som g\u00f6mmer sig b\u00e4st vinner! \ud83e\uddfa\u2026<\/p>","protected":false},"author":2,"featured_media":0,"parent":178,"menu_order":0,"comment_status":"closed","ping_status":"closed","template":"","meta":{"footnotes":""},"class_list":["post-207","page","type-page","status-publish","hentry"],"yoast_head":"<!-- This site is optimized with the Yoast SEO plugin v26.7 - https:\/\/yoast.com\/wordpress\/plugins\/seo\/ -->\n<title>Kurrag\u00f6mma - Krabat<\/title>\n<meta name=\"robots\" content=\"index, follow, max-snippet:-1, max-image-preview:large, max-video-preview:-1\" \/>\n<link rel=\"canonical\" href=\"https:\/\/krabat.se\/en\/kalas\/10-utomhuslekar\/kurragomma\/\" \/>\n<meta property=\"og:locale\" content=\"en_US\" \/>\n<meta property=\"og:type\" content=\"article\" \/>\n<meta property=\"og:title\" content=\"Kurrag\u00f6mma - Krabat\" \/>\n<meta property=\"og:description\" content=\"\ud83c\udf33 Lekledarguide: Kurrag\u00f6mma i tr\u00e4dg\u00e5rden \ud83c\udfaf M\u00e5let: En (eller flera) barn r\u00e4knar \u2013 de andra g\u00f6mmer sig. Den som r\u00e4knar ska hitta alla, och den som g\u00f6mmer sig b\u00e4st vinner! \ud83e\uddfa\u2026\" \/>\n<meta property=\"og:url\" content=\"https:\/\/krabat.se\/en\/kalas\/10-utomhuslekar\/kurragomma\/\" \/>\n<meta property=\"og:site_name\" content=\"Krabat\" \/>\n<meta property=\"article:modified_time\" content=\"2025-03-24T15:16:49+00:00\" \/>\n<meta name=\"twitter:card\" content=\"summary_large_image\" \/>\n<meta name=\"twitter:label1\" content=\"Est. reading time\" \/>\n\t<meta name=\"twitter:data1\" content=\"2 minutes\" \/>\n<script type=\"application\/ld+json\" class=\"yoast-schema-graph\">{\"@context\":\"https:\/\/schema.org\",\"@graph\":[{\"@type\":\"WebPage\",\"@id\":\"https:\/\/krabat.se\/kalas\/10-utomhuslekar\/kurragomma\/\",\"url\":\"https:\/\/krabat.se\/kalas\/10-utomhuslekar\/kurragomma\/\",\"name\":\"Kurrag\u00f6mma - Krabat\",\"isPartOf\":{\"@id\":\"https:\/\/krabat.se\/#website\"},\"datePublished\":\"2025-03-24T15:16:45+00:00\",\"dateModified\":\"2025-03-24T15:16:49+00:00\",\"breadcrumb\":{\"@id\":\"https:\/\/krabat.se\/kalas\/10-utomhuslekar\/kurragomma\/#breadcrumb\"},\"inLanguage\":\"en-US\",\"potentialAction\":[{\"@type\":\"ReadAction\",\"target\":[\"https:\/\/krabat.se\/kalas\/10-utomhuslekar\/kurragomma\/\"]}]},{\"@type\":\"BreadcrumbList\",\"@id\":\"https:\/\/krabat.se\/kalas\/10-utomhuslekar\/kurragomma\/#breadcrumb\",\"itemListElement\":[{\"@type\":\"ListItem\",\"position\":1,\"name\":\"Hem\",\"item\":\"https:\/\/krabat.se\/\"},{\"@type\":\"ListItem\",\"position\":2,\"name\":\"Kalas!\",\"item\":\"https:\/\/krabat.se\/kalas\/\"},{\"@type\":\"ListItem\",\"position\":3,\"name\":\"10 Utomhuslekar\",\"item\":\"https:\/\/krabat.se\/kalas\/10-utomhuslekar\/\"},{\"@type\":\"ListItem\",\"position\":4,\"name\":\"Kurrag\u00f6mma\"}]},{\"@type\":\"WebSite\",\"@id\":\"https:\/\/krabat.se\/#website\",\"url\":\"https:\/\/krabat.se\/\",\"name\":\"Krabat\",\"description\":\"Krabat \u2013 d\u00e4r leken b\u00f6rjar och fantasin tar vid\",\"publisher\":{\"@id\":\"https:\/\/krabat.se\/#organization\"},\"potentialAction\":[{\"@type\":\"SearchAction\",\"target\":{\"@type\":\"EntryPoint\",\"urlTemplate\":\"https:\/\/krabat.se\/?s={search_term_string}\"},\"query-input\":{\"@type\":\"PropertyValueSpecification\",\"valueRequired\":true,\"valueName\":\"search_term_string\"}}],\"inLanguage\":\"en-US\"},{\"@type\":\"Organization\",\"@id\":\"https:\/\/krabat.se\/#organization\",\"name\":\"Krabat\",\"url\":\"https:\/\/krabat.se\/\",\"logo\":{\"@type\":\"ImageObject\",\"inLanguage\":\"en-US\",\"@id\":\"https:\/\/krabat.se\/#\/schema\/logo\/image\/\",\"url\":\"https:\/\/krabat.se\/wp-content\/uploads\/2025\/09\/Krabat_logga_new-e1770977786364.webp\",\"contentUrl\":\"https:\/\/krabat.se\/wp-content\/uploads\/2025\/09\/Krabat_logga_new-e1770977786364.webp\",\"width\":400,\"height\":102,\"caption\":\"Krabat\"},\"image\":{\"@id\":\"https:\/\/krabat.se\/#\/schema\/logo\/image\/\"}}]}<\/script>\n<!-- \/ Yoast SEO plugin. -->","yoast_head_json":{"title":"Kurrag\u00f6mma - Krabat","robots":{"index":"index","follow":"follow","max-snippet":"max-snippet:-1","max-image-preview":"max-image-preview:large","max-video-preview":"max-video-preview:-1"},"canonical":"https:\/\/krabat.se\/en\/kalas\/10-utomhuslekar\/kurragomma\/","og_locale":"en_US","og_type":"article","og_title":"Kurrag\u00f6mma - Krabat","og_description":"\ud83c\udf33 Lekledarguide: Kurrag\u00f6mma i tr\u00e4dg\u00e5rden \ud83c\udfaf M\u00e5let: En (eller flera) barn r\u00e4knar \u2013 de andra g\u00f6mmer sig. Den som r\u00e4knar ska hitta alla, och den som g\u00f6mmer sig b\u00e4st vinner! \ud83e\uddfa\u2026","og_url":"https:\/\/krabat.se\/en\/kalas\/10-utomhuslekar\/kurragomma\/","og_site_name":"Krabat","article_modified_time":"2025-03-24T15:16:49+00:00","twitter_card":"summary_large_image","twitter_misc":{"Est. reading time":"2 minutes"},"schema":{"@context":"https:\/\/schema.org","@graph":[{"@type":"WebPage","@id":"https:\/\/krabat.se\/kalas\/10-utomhuslekar\/kurragomma\/","url":"https:\/\/krabat.se\/kalas\/10-utomhuslekar\/kurragomma\/","name":"Kurrag\u00f6mma - Krabat","isPartOf":{"@id":"https:\/\/krabat.se\/#website"},"datePublished":"2025-03-24T15:16:45+00:00","dateModified":"2025-03-24T15:16:49+00:00","breadcrumb":{"@id":"https:\/\/krabat.se\/kalas\/10-utomhuslekar\/kurragomma\/#breadcrumb"},"inLanguage":"en-US","potentialAction":[{"@type":"ReadAction","target":["https:\/\/krabat.se\/kalas\/10-utomhuslekar\/kurragomma\/"]}]},{"@type":"BreadcrumbList","@id":"https:\/\/krabat.se\/kalas\/10-utomhuslekar\/kurragomma\/#breadcrumb","itemListElement":[{"@type":"ListItem","position":1,"name":"Hem","item":"https:\/\/krabat.se\/"},{"@type":"ListItem","position":2,"name":"Kalas!","item":"https:\/\/krabat.se\/kalas\/"},{"@type":"ListItem","position":3,"name":"10 Utomhuslekar","item":"https:\/\/krabat.se\/kalas\/10-utomhuslekar\/"},{"@type":"ListItem","position":4,"name":"Kurrag\u00f6mma"}]},{"@type":"WebSite","@id":"https:\/\/krabat.se\/#website","url":"https:\/\/krabat.se\/","name":"Krabat","description":"Krabat \u2013 d\u00e4r leken b\u00f6rjar och fantasin tar vid","publisher":{"@id":"https:\/\/krabat.se\/#organization"},"potentialAction":[{"@type":"SearchAction","target":{"@type":"EntryPoint","urlTemplate":"https:\/\/krabat.se\/?s={search_term_string}"},"query-input":{"@type":"PropertyValueSpecification","valueRequired":true,"valueName":"search_term_string"}}],"inLanguage":"en-US"},{"@type":"Organization","@id":"https:\/\/krabat.se\/#organization","name":"Krabat","url":"https:\/\/krabat.se\/","logo":{"@type":"ImageObject","inLanguage":"en-US","@id":"https:\/\/krabat.se\/#\/schema\/logo\/image\/","url":"https:\/\/krabat.se\/wp-content\/uploads\/2025\/09\/Krabat_logga_new-e1770977786364.webp","contentUrl":"https:\/\/krabat.se\/wp-content\/uploads\/2025\/09\/Krabat_logga_new-e1770977786364.webp","width":400,"height":102,"caption":"Krabat"},"image":{"@id":"https:\/\/krabat.se\/#\/schema\/logo\/image\/"}}]}},"_links":{"self":[{"href":"https:\/\/krabat.se\/en\/wp-json\/wp\/v2\/pages\/207","targetHints":{"allow":["GET"]}}],"collection":[{"href":"https:\/\/krabat.se\/en\/wp-json\/wp\/v2\/pages"}],"about":[{"href":"https:\/\/krabat.se\/en\/wp-json\/wp\/v2\/types\/page"}],"author":[{"embeddable":true,"href":"https:\/\/krabat.se\/en\/wp-json\/wp\/v2\/users\/2"}],"replies":[{"embeddable":true,"href":"https:\/\/krabat.se\/en\/wp-json\/wp\/v2\/comments?post=207"}],"version-history":[{"count":2,"href":"https:\/\/krabat.se\/en\/wp-json\/wp\/v2\/pages\/207\/revisions"}],"predecessor-version":[{"id":210,"href":"https:\/\/krabat.se\/en\/wp-json\/wp\/v2\/pages\/207\/revisions\/210"}],"up":[{"embeddable":true,"href":"https:\/\/krabat.se\/en\/wp-json\/wp\/v2\/pages\/178"}],"wp:attachment":[{"href":"https:\/\/krabat.se\/en\/wp-json\/wp\/v2\/media?parent=207"}],"curies":[{"name":"wp","href":"https:\/\/api.w.org\/{rel}","templated":true}]}}