{"id":195,"date":"2025-03-24T16:04:32","date_gmt":"2025-03-24T15:04:32","guid":{"rendered":"https:\/\/krabat.se\/?page_id=195"},"modified":"2025-03-24T16:04:36","modified_gmt":"2025-03-24T15:04:36","slug":"agg-pa-sked","status":"publish","type":"page","link":"https:\/\/krabat.se\/en\/kalas\/10-utomhuslekar\/agg-pa-sked\/","title":{"rendered":"\u00c4gg p\u00e5 sked"},"content":{"rendered":"<h2>\ud83e\udd44 Lekledarguide: \u00c4gg p\u00e5 sked \u2013 balans, skratt och t\u00e4vlingsnerver<\/h2>\n<hr \/>\n<h3>\ud83c\udfaf M\u00e5let:<\/h3>\n<p>Balans, koncentration och kul! Balansera ett &#8221;\u00e4gg&#8221; p\u00e5 en sked i munnen eller handen och ta dig f\u00f6rst till m\u00e5l \u2013 <strong>utan att tappa \u00e4gget!<\/strong><\/p>\n<hr \/>\n<h3>\ud83e\uddfa Du beh\u00f6ver:<\/h3>\n<p>\u2013 1 sked per deltagare (vanliga matskedar funkar fint)<br \/>\n\u2013 1 &#8221;\u00e4gg&#8221; per deltagare (alternativ nedan)<br \/>\n\u2013 Koner, tejp eller sn\u00f6ren f\u00f6r att markera start och m\u00e5l<br \/>\n\u2013 En plan yta att t\u00e4vla p\u00e5 (gr\u00e4smatta, g\u00e5ngv\u00e4g eller liknande)<br \/>\n\u2013 Ev. sm\u00e5 priser eller diplom<\/p>\n<hr \/>\n<h3>\ud83e\udd5a \u00c4gg-alternativ (f\u00f6r mindre kladd!):<\/h3>\n<p>\u2705 Plast\u00e4gg (finns p\u00e5 leksaks- eller hobbybutiker)<br \/>\n\u2705 Pingisbollar<br \/>\n\u2705 Vindruvor<br \/>\n\u2705 Kokta \u00e4gg<br \/>\n\u2705 R\u00e5a \u00e4gg (f\u00f6r \u00e4ldre barn och modiga <a href=\"https:\/\/krabat.se\/en\/kalas\/lekledare\/\">lekledare<\/a>!)<\/p>\n<hr \/>\n<h3>\ud83d\udc5f S\u00e5 h\u00e4r leder du leken:<\/h3>\n<ol>\n<li><strong>Samla barnen vid startlinjen<\/strong><br \/>\nF\u00f6rklara reglerna:<\/li>\n<\/ol>\n<blockquote><p>\u201cNi ska g\u00e5 s\u00e5 snabbt ni kan till m\u00e5l \u2013 men bara om ni inte tappar ert \u00e4gg! Tappar man det, m\u00e5ste man b\u00f6rja om fr\u00e5n b\u00f6rjan.\u201d<\/p><\/blockquote>\n<ol start=\"2\">\n<li><strong>Dela ut sked och \u00e4gg till varje barn<\/strong><\/li>\n<li><strong>Ge klara, tydliga instruktioner<\/strong>:<br \/>\n\u2013 H\u00e5ll skeden i handen (eller i munnen f\u00f6r extra sv\u00e5righetsgrad)<br \/>\n\u2013 Inga h\u00e4nder p\u00e5 \u00e4gget!<br \/>\n\u2013 Tappa = tillbaks till start<\/li>\n<li><strong>Starta leken med en ramsa eller ett \u201cKlara, f\u00e4rdiga, g\u00e5!\u201d<\/strong><br \/>\nL\u00e5t barnen springa, g\u00e5 eller smyga till m\u00e5l. F\u00f6r yngre barn \u2013 kortare bana!<\/li>\n<\/ol>\n<hr \/>\n<h3>\ud83c\udfc1 T\u00e4vling eller lek? Du v\u00e4ljer:<\/h3>\n<p>\u2705 <strong>Enkelt race:<\/strong> Alla k\u00f6r samtidigt \u2013 snabbast i m\u00e5l vinner<br \/>\n\u2705 <strong>Stafett:<\/strong> Dela in i lag, en i taget springer, byter till n\u00e4sta<br \/>\n\u2705 <strong>Po\u00e4nglek:<\/strong> Klarar man utan att tappa = 1 po\u00e4ng, tappa = b\u00f6rja om<\/p>\n<hr \/>\n<h3>\ud83c\udf89 Tips och tricks:<\/h3>\n<p>\u2705 <strong>Anv\u00e4nd muggar i m\u00e5lomr\u00e5det<\/strong> att l\u00e4gga \u00e4gget i f\u00f6r att &#8221;avsluta&#8221; loppet<br \/>\n\u2705 <strong>Tematisera leken<\/strong> \u2013 t.ex. \u201cDrak\u00e4ggsrace\u201d, \u201cP\u00e5sk\u00e4ggsjakt\u201d eller \u201cRymd\u00e4gg-uppdrag\u201d<br \/>\n\u2705 <strong>Variera banan<\/strong> \u2013 g\u00f6r hinder (snurra ett varv, kliv \u00f6ver sn\u00f6re)<br \/>\n\u2705 <strong>Ge alla en bel\u00f6ning<\/strong> \u2013 medalj, klisterm\u00e4rke eller diplom f\u00f6r deltagande<br \/>\n\u2705 <strong>L\u00e5t barnen t\u00e4vla mot vuxna<\/strong> \u2013 alltid ett s\u00e4kert kort f\u00f6r skratt!<\/p>\n<hr \/>\n<h3>\ud83d\udcf8 Avslutning:<\/h3>\n<p>Avsluta med en gruppbild med alla &#8221;\u00e4ggm\u00e4stare&#8221;, dela ut appl\u00e5der och kanske ett bonusrace med \u201ctokiga regler\u201d (g\u00e5 bakl\u00e4nges, sjunga under tiden, byta sked).<\/p>","protected":false},"excerpt":{"rendered":"<p>\ud83e\udd44 Lekledarguide: \u00c4gg p\u00e5 sked \u2013 balans, skratt och t\u00e4vlingsnerver \ud83c\udfaf M\u00e5let: Balans, koncentration och kul! Balansera ett &#8221;\u00e4gg&#8221; p\u00e5 en sked i munnen eller handen och ta dig f\u00f6rst till\u2026<\/p>","protected":false},"author":2,"featured_media":0,"parent":178,"menu_order":0,"comment_status":"closed","ping_status":"closed","template":"","meta":{"footnotes":""},"class_list":["post-195","page","type-page","status-publish","hentry"],"yoast_head":"<!-- This site is optimized with the Yoast SEO plugin v26.7 - https:\/\/yoast.com\/wordpress\/plugins\/seo\/ -->\n<title>\u00c4gg p\u00e5 sked - Krabat<\/title>\n<meta name=\"robots\" content=\"index, follow, max-snippet:-1, max-image-preview:large, max-video-preview:-1\" \/>\n<link rel=\"canonical\" href=\"https:\/\/krabat.se\/en\/kalas\/10-utomhuslekar\/agg-pa-sked\/\" \/>\n<meta property=\"og:locale\" content=\"en_US\" \/>\n<meta property=\"og:type\" content=\"article\" \/>\n<meta property=\"og:title\" content=\"\u00c4gg p\u00e5 sked - Krabat\" \/>\n<meta property=\"og:description\" content=\"\ud83e\udd44 Lekledarguide: \u00c4gg p\u00e5 sked \u2013 balans, skratt och t\u00e4vlingsnerver \ud83c\udfaf M\u00e5let: Balans, koncentration och kul! Balansera ett &#8221;\u00e4gg&#8221; p\u00e5 en sked i munnen eller handen och ta dig f\u00f6rst till\u2026\" \/>\n<meta property=\"og:url\" content=\"https:\/\/krabat.se\/en\/kalas\/10-utomhuslekar\/agg-pa-sked\/\" \/>\n<meta property=\"og:site_name\" content=\"Krabat\" \/>\n<meta property=\"article:modified_time\" content=\"2025-03-24T15:04:36+00:00\" \/>\n<meta name=\"twitter:card\" content=\"summary_large_image\" \/>\n<meta name=\"twitter:label1\" content=\"Est. reading time\" \/>\n\t<meta name=\"twitter:data1\" content=\"2 minutes\" \/>\n<script type=\"application\/ld+json\" class=\"yoast-schema-graph\">{\"@context\":\"https:\/\/schema.org\",\"@graph\":[{\"@type\":\"WebPage\",\"@id\":\"https:\/\/krabat.se\/kalas\/10-utomhuslekar\/agg-pa-sked\/\",\"url\":\"https:\/\/krabat.se\/kalas\/10-utomhuslekar\/agg-pa-sked\/\",\"name\":\"\u00c4gg p\u00e5 sked - Krabat\",\"isPartOf\":{\"@id\":\"https:\/\/krabat.se\/#website\"},\"datePublished\":\"2025-03-24T15:04:32+00:00\",\"dateModified\":\"2025-03-24T15:04:36+00:00\",\"breadcrumb\":{\"@id\":\"https:\/\/krabat.se\/kalas\/10-utomhuslekar\/agg-pa-sked\/#breadcrumb\"},\"inLanguage\":\"en-US\",\"potentialAction\":[{\"@type\":\"ReadAction\",\"target\":[\"https:\/\/krabat.se\/kalas\/10-utomhuslekar\/agg-pa-sked\/\"]}]},{\"@type\":\"BreadcrumbList\",\"@id\":\"https:\/\/krabat.se\/kalas\/10-utomhuslekar\/agg-pa-sked\/#breadcrumb\",\"itemListElement\":[{\"@type\":\"ListItem\",\"position\":1,\"name\":\"Hem\",\"item\":\"https:\/\/krabat.se\/\"},{\"@type\":\"ListItem\",\"position\":2,\"name\":\"Kalas!\",\"item\":\"https:\/\/krabat.se\/kalas\/\"},{\"@type\":\"ListItem\",\"position\":3,\"name\":\"10 Utomhuslekar\",\"item\":\"https:\/\/krabat.se\/kalas\/10-utomhuslekar\/\"},{\"@type\":\"ListItem\",\"position\":4,\"name\":\"\u00c4gg p\u00e5 sked\"}]},{\"@type\":\"WebSite\",\"@id\":\"https:\/\/krabat.se\/#website\",\"url\":\"https:\/\/krabat.se\/\",\"name\":\"Krabat\",\"description\":\"Krabat \u2013 d\u00e4r leken b\u00f6rjar och fantasin tar vid\",\"publisher\":{\"@id\":\"https:\/\/krabat.se\/#organization\"},\"potentialAction\":[{\"@type\":\"SearchAction\",\"target\":{\"@type\":\"EntryPoint\",\"urlTemplate\":\"https:\/\/krabat.se\/?s={search_term_string}\"},\"query-input\":{\"@type\":\"PropertyValueSpecification\",\"valueRequired\":true,\"valueName\":\"search_term_string\"}}],\"inLanguage\":\"en-US\"},{\"@type\":\"Organization\",\"@id\":\"https:\/\/krabat.se\/#organization\",\"name\":\"Krabat\",\"url\":\"https:\/\/krabat.se\/\",\"logo\":{\"@type\":\"ImageObject\",\"inLanguage\":\"en-US\",\"@id\":\"https:\/\/krabat.se\/#\/schema\/logo\/image\/\",\"url\":\"https:\/\/krabat.se\/wp-content\/uploads\/2025\/09\/Krabat_logga_new-e1770977786364.webp\",\"contentUrl\":\"https:\/\/krabat.se\/wp-content\/uploads\/2025\/09\/Krabat_logga_new-e1770977786364.webp\",\"width\":400,\"height\":102,\"caption\":\"Krabat\"},\"image\":{\"@id\":\"https:\/\/krabat.se\/#\/schema\/logo\/image\/\"}}]}<\/script>\n<!-- \/ Yoast SEO plugin. -->","yoast_head_json":{"title":"\u00c4gg p\u00e5 sked - Krabat","robots":{"index":"index","follow":"follow","max-snippet":"max-snippet:-1","max-image-preview":"max-image-preview:large","max-video-preview":"max-video-preview:-1"},"canonical":"https:\/\/krabat.se\/en\/kalas\/10-utomhuslekar\/agg-pa-sked\/","og_locale":"en_US","og_type":"article","og_title":"\u00c4gg p\u00e5 sked - Krabat","og_description":"\ud83e\udd44 Lekledarguide: \u00c4gg p\u00e5 sked \u2013 balans, skratt och t\u00e4vlingsnerver \ud83c\udfaf M\u00e5let: Balans, koncentration och kul! Balansera ett &#8221;\u00e4gg&#8221; p\u00e5 en sked i munnen eller handen och ta dig f\u00f6rst till\u2026","og_url":"https:\/\/krabat.se\/en\/kalas\/10-utomhuslekar\/agg-pa-sked\/","og_site_name":"Krabat","article_modified_time":"2025-03-24T15:04:36+00:00","twitter_card":"summary_large_image","twitter_misc":{"Est. reading time":"2 minutes"},"schema":{"@context":"https:\/\/schema.org","@graph":[{"@type":"WebPage","@id":"https:\/\/krabat.se\/kalas\/10-utomhuslekar\/agg-pa-sked\/","url":"https:\/\/krabat.se\/kalas\/10-utomhuslekar\/agg-pa-sked\/","name":"\u00c4gg p\u00e5 sked - Krabat","isPartOf":{"@id":"https:\/\/krabat.se\/#website"},"datePublished":"2025-03-24T15:04:32+00:00","dateModified":"2025-03-24T15:04:36+00:00","breadcrumb":{"@id":"https:\/\/krabat.se\/kalas\/10-utomhuslekar\/agg-pa-sked\/#breadcrumb"},"inLanguage":"en-US","potentialAction":[{"@type":"ReadAction","target":["https:\/\/krabat.se\/kalas\/10-utomhuslekar\/agg-pa-sked\/"]}]},{"@type":"BreadcrumbList","@id":"https:\/\/krabat.se\/kalas\/10-utomhuslekar\/agg-pa-sked\/#breadcrumb","itemListElement":[{"@type":"ListItem","position":1,"name":"Hem","item":"https:\/\/krabat.se\/"},{"@type":"ListItem","position":2,"name":"Kalas!","item":"https:\/\/krabat.se\/kalas\/"},{"@type":"ListItem","position":3,"name":"10 Utomhuslekar","item":"https:\/\/krabat.se\/kalas\/10-utomhuslekar\/"},{"@type":"ListItem","position":4,"name":"\u00c4gg p\u00e5 sked"}]},{"@type":"WebSite","@id":"https:\/\/krabat.se\/#website","url":"https:\/\/krabat.se\/","name":"Krabat","description":"Krabat \u2013 d\u00e4r leken b\u00f6rjar och fantasin tar vid","publisher":{"@id":"https:\/\/krabat.se\/#organization"},"potentialAction":[{"@type":"SearchAction","target":{"@type":"EntryPoint","urlTemplate":"https:\/\/krabat.se\/?s={search_term_string}"},"query-input":{"@type":"PropertyValueSpecification","valueRequired":true,"valueName":"search_term_string"}}],"inLanguage":"en-US"},{"@type":"Organization","@id":"https:\/\/krabat.se\/#organization","name":"Krabat","url":"https:\/\/krabat.se\/","logo":{"@type":"ImageObject","inLanguage":"en-US","@id":"https:\/\/krabat.se\/#\/schema\/logo\/image\/","url":"https:\/\/krabat.se\/wp-content\/uploads\/2025\/09\/Krabat_logga_new-e1770977786364.webp","contentUrl":"https:\/\/krabat.se\/wp-content\/uploads\/2025\/09\/Krabat_logga_new-e1770977786364.webp","width":400,"height":102,"caption":"Krabat"},"image":{"@id":"https:\/\/krabat.se\/#\/schema\/logo\/image\/"}}]}},"_links":{"self":[{"href":"https:\/\/krabat.se\/en\/wp-json\/wp\/v2\/pages\/195","targetHints":{"allow":["GET"]}}],"collection":[{"href":"https:\/\/krabat.se\/en\/wp-json\/wp\/v2\/pages"}],"about":[{"href":"https:\/\/krabat.se\/en\/wp-json\/wp\/v2\/types\/page"}],"author":[{"embeddable":true,"href":"https:\/\/krabat.se\/en\/wp-json\/wp\/v2\/users\/2"}],"replies":[{"embeddable":true,"href":"https:\/\/krabat.se\/en\/wp-json\/wp\/v2\/comments?post=195"}],"version-history":[{"count":2,"href":"https:\/\/krabat.se\/en\/wp-json\/wp\/v2\/pages\/195\/revisions"}],"predecessor-version":[{"id":197,"href":"https:\/\/krabat.se\/en\/wp-json\/wp\/v2\/pages\/195\/revisions\/197"}],"up":[{"embeddable":true,"href":"https:\/\/krabat.se\/en\/wp-json\/wp\/v2\/pages\/178"}],"wp:attachment":[{"href":"https:\/\/krabat.se\/en\/wp-json\/wp\/v2\/media?parent=195"}],"curies":[{"name":"wp","href":"https:\/\/api.w.org\/{rel}","templated":true}]}}