{"id":181,"date":"2025-03-24T15:37:46","date_gmt":"2025-03-24T14:37:46","guid":{"rendered":"https:\/\/krabat.se\/?page_id=181"},"modified":"2025-03-24T15:53:46","modified_gmt":"2025-03-24T14:53:46","slug":"lekledare","status":"publish","type":"page","link":"https:\/\/krabat.se\/en\/kalas\/lekledare\/","title":{"rendered":"Lekledare"},"content":{"rendered":"<h2>\ud83c\udf88 S\u00e5 blir du en lyckad lekledare p\u00e5 barnkalas \u2013 tips &amp; tricks!<\/h2>\n<hr \/>\n<h3>\ud83d\udca1 1. Planera i f\u00f6rv\u00e4g \u2013 men var flexibel<\/h3>\n<p>F\u00f6rbered lekarna i god tid. Skriv g\u00e4rna en <strong>leklista<\/strong> med:<\/p>\n<ul>\n<li>Namn p\u00e5 leken<\/li>\n<li>Vad som beh\u00f6vs<\/li>\n<li>Hur l\u00e5ng tid den tar<\/li>\n<li>En \u201cplan B\u201d om n\u00e5got inte funkar<\/li>\n<\/ul>\n<p>Men: var beredd att anpassa efter barnens hum\u00f6r! M\u00e4rker du att de hellre springer fritt en stund \u2013 sl\u00e4pp kontrollen f\u00f6r en liten stund.<\/p>\n<hr \/>\n<h3>\ud83c\udfa4 2. Ta kommandot med lekfull energi<\/h3>\n<p>Barn lyssnar b\u00e4st n\u00e4r du \u00e4r:<\/p>\n<ul>\n<li>Glad och tydlig<\/li>\n<li>Har <strong>\u00f6gonkontakt<\/strong><\/li>\n<li>Anv\u00e4nder <strong>en tydlig r\u00f6st<\/strong><\/li>\n<li>Visar med kroppen \u2013 peka, hoppa, h\u00e4rma<\/li>\n<\/ul>\n<p>T\u00e4nk dig att du \u00e4r en \u201ckalaskapten\u201d \u2013 inte en domare!<\/p>\n<hr \/>\n<h3>\ud83e\uddcd\u200d\u2640\ufe0f 3. Visa alltid f\u00f6rst \u2013 och var med sj\u00e4lv<\/h3>\n<p>Barn l\u00e4r sig b\u00e4st genom att se. Visa hur leken g\u00e5r till i b\u00f6rjan, g\u00e4rna tillsammans med ett barn. Det blir tryggare \u2013 och du visar att <strong>det \u00e4r okej att g\u00f6ra fel och skratta<\/strong>!<\/p>\n<hr \/>\n<h3>\ud83c\udf89 4. Ge uppm\u00e4rksamhet till alla<\/h3>\n<p>Se till att ingen hamnar utanf\u00f6r. S\u00e4g g\u00e4rna barnens namn, heja p\u00e5 alla och <strong>lyft de tysta barnen med leenden och sm\u00e5 uppdrag<\/strong> (ex. h\u00e5lla i kort, dela ut saker).<\/p>\n<hr \/>\n<h3>\ud83e\ude84 5. G\u00f6r lekarna till \u00e4ventyr<\/h3>\n<p>L\u00e5t varje lek ha ett <strong>tema eller en ber\u00e4ttelse<\/strong>:<\/p>\n<ul>\n<li>\u201cVi \u00e4r pirater som letar efter en f\u00f6rsvunnen skatt!\u201d<\/li>\n<li>\u201cVi \u00e4r djur i djungeln \u2013 men m\u00e5ste st\u00e5 stilla n\u00e4r lejonet ryter!\u201d<\/li>\n<li>\u201cVi \u00e4r hemliga agenter \u2013 och m\u00e5ste smyga till basen!\u201d<\/li>\n<\/ul>\n<p>Barn \u00e4lskar fantasi \u2013 och det lyfter \u00e4ven enklaste <a href=\"https:\/\/krabat.se\/en\/lekar\/\">lekar<\/a>!<\/p>\n<hr \/>\n<h3>\ud83e\uddef 6. Ha backup-lekar &amp; andrum<\/h3>\n<p>Planera in pauser och ha ett par korta \u201cmellanlekar\u201d redo:<br \/>\n\u2013 \u201cStoppdans\u201d, \u201cKlappleken\u201d eller \u201cS\u00e4tt svansen p\u00e5 \u00e5snan\u201d<br \/>\n\u2013 Lugn stund med sagol\u00e4sning eller pyssel om n\u00e5gon beh\u00f6ver varva ner<\/p>\n<hr \/>\n<h3>\ud83e\udd47 7. Bel\u00f6na alla \u2013 inte bara vinnaren<\/h3>\n<p>Ist\u00e4llet f\u00f6r att bara kora en vinnare \u2013 dela ut:<\/p>\n<ul>\n<li>\u201cModigaste skattletaren\u201d<\/li>\n<li>\u201cB\u00e4sta dansaren\u201d<\/li>\n<li>\u201cRoligaste posen\u201d<\/li>\n<li>Eller ge alla <strong>en liten medalj\/sticker efter leken<\/strong><\/li>\n<\/ul>\n<p>\ud83d\udc49 Alla barn vill k\u00e4nna sig sedda \u2013 inte b\u00e4st.<\/p>\n<hr \/>\n<h3>\ud83d\udce6 8. Ha allt redo &amp; l\u00e4tt\u00e5tkomligt<\/h3>\n<p>Packa en \u201clekledarv\u00e4ska\u201d med:<br \/>\n\u2013 Extra sn\u00f6ren, bollar, tejp<br \/>\n\u2013 Papper och penna<br \/>\n\u2013 Pl\u00e5ster (f\u00f6r s\u00e4kerhets skull!)<br \/>\n\u2013 Liten present till n\u00e5gon som kanske inte vinner men \u00e4nd\u00e5 f\u00f6rs\u00f6ker tappert<\/p>\n<hr \/>\n<h3>\ud83d\ude04 9. Ha roligt sj\u00e4lv!<\/h3>\n<p>Barn m\u00e4rker direkt om du stressar eller har tr\u00e5kigt. Sl\u00e4pp loss, skratta, lek med dem \u2013 det skapar den b\u00e4sta st\u00e4mningen!<\/p>\n<hr \/>\n<h3>\ud83d\udc51 10. Avsluta p\u00e5 topp<\/h3>\n<p>Sluta lekarna medan barnen fortfarande har kul \u2013 s\u00e5 minns de dem som riktigt roliga!<br \/>\nTacka alla, och g\u00e4rna med en liten ramsa eller high five:<\/p>\n<blockquote><p><em>\u201cTack f\u00f6r att ni lekte \u2013 ni var b\u00e4st! En appl\u00e5d till er sj\u00e4lva!\u201d<\/em><\/p><\/blockquote>","protected":false},"excerpt":{"rendered":"<p>\ud83c\udf88 S\u00e5 blir du en lyckad lekledare p\u00e5 barnkalas \u2013 tips &amp; tricks! \ud83d\udca1 1. Planera i f\u00f6rv\u00e4g \u2013 men var flexibel F\u00f6rbered lekarna i god tid. Skriv g\u00e4rna en leklista\u2026<\/p>","protected":false},"author":2,"featured_media":0,"parent":138,"menu_order":0,"comment_status":"closed","ping_status":"closed","template":"","meta":{"footnotes":""},"class_list":["post-181","page","type-page","status-publish","hentry"],"yoast_head":"<!-- This site is optimized with the Yoast SEO plugin v26.7 - https:\/\/yoast.com\/wordpress\/plugins\/seo\/ -->\n<title>Lekledare - Krabat<\/title>\n<meta name=\"robots\" content=\"index, follow, max-snippet:-1, max-image-preview:large, max-video-preview:-1\" \/>\n<link rel=\"canonical\" href=\"https:\/\/krabat.se\/en\/kalas\/lekledare\/\" \/>\n<meta property=\"og:locale\" content=\"en_US\" \/>\n<meta property=\"og:type\" content=\"article\" \/>\n<meta property=\"og:title\" content=\"Lekledare - Krabat\" \/>\n<meta property=\"og:description\" content=\"\ud83c\udf88 S\u00e5 blir du en lyckad lekledare p\u00e5 barnkalas \u2013 tips &amp; tricks! \ud83d\udca1 1. Planera i f\u00f6rv\u00e4g \u2013 men var flexibel F\u00f6rbered lekarna i god tid. Skriv g\u00e4rna en leklista\u2026\" \/>\n<meta property=\"og:url\" content=\"https:\/\/krabat.se\/en\/kalas\/lekledare\/\" \/>\n<meta property=\"og:site_name\" content=\"Krabat\" \/>\n<meta property=\"article:modified_time\" content=\"2025-03-24T14:53:46+00:00\" \/>\n<meta name=\"twitter:card\" content=\"summary_large_image\" \/>\n<meta name=\"twitter:label1\" content=\"Est. reading time\" \/>\n\t<meta name=\"twitter:data1\" content=\"2 minutes\" \/>\n<script type=\"application\/ld+json\" class=\"yoast-schema-graph\">{\"@context\":\"https:\/\/schema.org\",\"@graph\":[{\"@type\":\"WebPage\",\"@id\":\"https:\/\/krabat.se\/kalas\/lekledare\/\",\"url\":\"https:\/\/krabat.se\/kalas\/lekledare\/\",\"name\":\"Lekledare - Krabat\",\"isPartOf\":{\"@id\":\"https:\/\/krabat.se\/#website\"},\"datePublished\":\"2025-03-24T14:37:46+00:00\",\"dateModified\":\"2025-03-24T14:53:46+00:00\",\"breadcrumb\":{\"@id\":\"https:\/\/krabat.se\/kalas\/lekledare\/#breadcrumb\"},\"inLanguage\":\"en-US\",\"potentialAction\":[{\"@type\":\"ReadAction\",\"target\":[\"https:\/\/krabat.se\/kalas\/lekledare\/\"]}]},{\"@type\":\"BreadcrumbList\",\"@id\":\"https:\/\/krabat.se\/kalas\/lekledare\/#breadcrumb\",\"itemListElement\":[{\"@type\":\"ListItem\",\"position\":1,\"name\":\"Hem\",\"item\":\"https:\/\/krabat.se\/\"},{\"@type\":\"ListItem\",\"position\":2,\"name\":\"Kalas!\",\"item\":\"https:\/\/krabat.se\/kalas\/\"},{\"@type\":\"ListItem\",\"position\":3,\"name\":\"Lekledare\"}]},{\"@type\":\"WebSite\",\"@id\":\"https:\/\/krabat.se\/#website\",\"url\":\"https:\/\/krabat.se\/\",\"name\":\"Krabat\",\"description\":\"Krabat \u2013 d\u00e4r leken b\u00f6rjar och fantasin tar vid\",\"publisher\":{\"@id\":\"https:\/\/krabat.se\/#organization\"},\"potentialAction\":[{\"@type\":\"SearchAction\",\"target\":{\"@type\":\"EntryPoint\",\"urlTemplate\":\"https:\/\/krabat.se\/?s={search_term_string}\"},\"query-input\":{\"@type\":\"PropertyValueSpecification\",\"valueRequired\":true,\"valueName\":\"search_term_string\"}}],\"inLanguage\":\"en-US\"},{\"@type\":\"Organization\",\"@id\":\"https:\/\/krabat.se\/#organization\",\"name\":\"Krabat\",\"url\":\"https:\/\/krabat.se\/\",\"logo\":{\"@type\":\"ImageObject\",\"inLanguage\":\"en-US\",\"@id\":\"https:\/\/krabat.se\/#\/schema\/logo\/image\/\",\"url\":\"https:\/\/krabat.se\/wp-content\/uploads\/2025\/09\/Krabat_logga_new-e1770977786364.webp\",\"contentUrl\":\"https:\/\/krabat.se\/wp-content\/uploads\/2025\/09\/Krabat_logga_new-e1770977786364.webp\",\"width\":400,\"height\":102,\"caption\":\"Krabat\"},\"image\":{\"@id\":\"https:\/\/krabat.se\/#\/schema\/logo\/image\/\"}}]}<\/script>\n<!-- \/ Yoast SEO plugin. -->","yoast_head_json":{"title":"Lekledare - Krabat","robots":{"index":"index","follow":"follow","max-snippet":"max-snippet:-1","max-image-preview":"max-image-preview:large","max-video-preview":"max-video-preview:-1"},"canonical":"https:\/\/krabat.se\/en\/kalas\/lekledare\/","og_locale":"en_US","og_type":"article","og_title":"Lekledare - Krabat","og_description":"\ud83c\udf88 S\u00e5 blir du en lyckad lekledare p\u00e5 barnkalas \u2013 tips &amp; tricks! \ud83d\udca1 1. Planera i f\u00f6rv\u00e4g \u2013 men var flexibel F\u00f6rbered lekarna i god tid. Skriv g\u00e4rna en leklista\u2026","og_url":"https:\/\/krabat.se\/en\/kalas\/lekledare\/","og_site_name":"Krabat","article_modified_time":"2025-03-24T14:53:46+00:00","twitter_card":"summary_large_image","twitter_misc":{"Est. reading time":"2 minutes"},"schema":{"@context":"https:\/\/schema.org","@graph":[{"@type":"WebPage","@id":"https:\/\/krabat.se\/kalas\/lekledare\/","url":"https:\/\/krabat.se\/kalas\/lekledare\/","name":"Lekledare - Krabat","isPartOf":{"@id":"https:\/\/krabat.se\/#website"},"datePublished":"2025-03-24T14:37:46+00:00","dateModified":"2025-03-24T14:53:46+00:00","breadcrumb":{"@id":"https:\/\/krabat.se\/kalas\/lekledare\/#breadcrumb"},"inLanguage":"en-US","potentialAction":[{"@type":"ReadAction","target":["https:\/\/krabat.se\/kalas\/lekledare\/"]}]},{"@type":"BreadcrumbList","@id":"https:\/\/krabat.se\/kalas\/lekledare\/#breadcrumb","itemListElement":[{"@type":"ListItem","position":1,"name":"Hem","item":"https:\/\/krabat.se\/"},{"@type":"ListItem","position":2,"name":"Kalas!","item":"https:\/\/krabat.se\/kalas\/"},{"@type":"ListItem","position":3,"name":"Lekledare"}]},{"@type":"WebSite","@id":"https:\/\/krabat.se\/#website","url":"https:\/\/krabat.se\/","name":"Krabat","description":"Krabat \u2013 d\u00e4r leken b\u00f6rjar och fantasin tar vid","publisher":{"@id":"https:\/\/krabat.se\/#organization"},"potentialAction":[{"@type":"SearchAction","target":{"@type":"EntryPoint","urlTemplate":"https:\/\/krabat.se\/?s={search_term_string}"},"query-input":{"@type":"PropertyValueSpecification","valueRequired":true,"valueName":"search_term_string"}}],"inLanguage":"en-US"},{"@type":"Organization","@id":"https:\/\/krabat.se\/#organization","name":"Krabat","url":"https:\/\/krabat.se\/","logo":{"@type":"ImageObject","inLanguage":"en-US","@id":"https:\/\/krabat.se\/#\/schema\/logo\/image\/","url":"https:\/\/krabat.se\/wp-content\/uploads\/2025\/09\/Krabat_logga_new-e1770977786364.webp","contentUrl":"https:\/\/krabat.se\/wp-content\/uploads\/2025\/09\/Krabat_logga_new-e1770977786364.webp","width":400,"height":102,"caption":"Krabat"},"image":{"@id":"https:\/\/krabat.se\/#\/schema\/logo\/image\/"}}]}},"_links":{"self":[{"href":"https:\/\/krabat.se\/en\/wp-json\/wp\/v2\/pages\/181","targetHints":{"allow":["GET"]}}],"collection":[{"href":"https:\/\/krabat.se\/en\/wp-json\/wp\/v2\/pages"}],"about":[{"href":"https:\/\/krabat.se\/en\/wp-json\/wp\/v2\/types\/page"}],"author":[{"embeddable":true,"href":"https:\/\/krabat.se\/en\/wp-json\/wp\/v2\/users\/2"}],"replies":[{"embeddable":true,"href":"https:\/\/krabat.se\/en\/wp-json\/wp\/v2\/comments?post=181"}],"version-history":[{"count":4,"href":"https:\/\/krabat.se\/en\/wp-json\/wp\/v2\/pages\/181\/revisions"}],"predecessor-version":[{"id":188,"href":"https:\/\/krabat.se\/en\/wp-json\/wp\/v2\/pages\/181\/revisions\/188"}],"up":[{"embeddable":true,"href":"https:\/\/krabat.se\/en\/wp-json\/wp\/v2\/pages\/138"}],"wp:attachment":[{"href":"https:\/\/krabat.se\/en\/wp-json\/wp\/v2\/media?parent=181"}],"curies":[{"name":"wp","href":"https:\/\/api.w.org\/{rel}","templated":true}]}}