{"id":178,"date":"2025-03-24T15:36:58","date_gmt":"2025-03-24T14:36:58","guid":{"rendered":"https:\/\/krabat.se\/?page_id=178"},"modified":"2025-03-24T16:29:41","modified_gmt":"2025-03-24T15:29:41","slug":"10-utomhuslekar","status":"publish","type":"page","link":"https:\/\/krabat.se\/en\/kalas\/10-utomhuslekar\/","title":{"rendered":"10 Utomhuslekar"},"content":{"rendered":"<h3>1. <a href=\"https:\/\/krabat.se\/en\/kalas\/10-utomhuslekar\/skattjakt\/\">Skattjakt<\/a><\/h3>\n<p>G\u00f6m en &#8221;skatt&#8221; (godisp\u00e5sar, sm\u00e5 <a href=\"https:\/\/krabat.se\/en\/leksaker\/krabat-leksaker-for-barn-som-inspirerar-lek-och-larande\/\">leksaker<\/a>) och ge barnen en karta eller ledtr\u00e5dar att f\u00f6lja. Funkar b\u00e5de som laglek och individuellt.<\/p>\n<h3>2. <a href=\"https:\/\/krabat.se\/en\/kalas\/10-utomhuslekar\/sackhoppning\/\">S\u00e4ckhoppning<\/a><\/h3>\n<p>Ge varje barn en potatiss\u00e4ck eller p\u00e5se att hoppa i. T\u00e4vla i heat eller g\u00f6r det som stafett \u2013 garanterat skratt!<\/p>\n<h3>3. <a href=\"https:\/\/krabat.se\/en\/kalas\/10-utomhuslekar\/agg-pa-sked\/\">\u00c4gg p\u00e5 sked-race<\/a><\/h3>\n<p>Barnen balanserar ett (plast)\u00e4gg p\u00e5 en sked och springer fr\u00e5n punkt A till B utan att tappa det. Vem klarar det snabbast?<\/p>\n<h3>4. <a href=\"https:\/\/krabat.se\/en\/kalas\/10-utomhuslekar\/fiskdamm\/\">Fiskdamm utomhus<\/a><\/h3>\n<p>G\u00f6r en <a href=\"https:\/\/krabat.se\/en\/lekar\/fiskdamm\/\">fiskdamm<\/a> med ett lakan och ett metsp\u00f6 \u00e4ven ute. Bonus: inga risker f\u00f6r kladd inne!<\/p>\n<h3>5. <a href=\"https:\/\/krabat.se\/en\/kalas\/10-utomhuslekar\/stopp\/\">Stopp!<\/a><\/h3>\n<p>En <a href=\"https:\/\/krabat.se\/en\/kalas\/lekledare\/\">lekledare<\/a> ropar &#8221;STOOOPP!&#8221; och barnen m\u00e5ste frysa. Den som r\u00f6r sig \u00e5ker tillbaka till start. Roligast med musik!<\/p>\n<h3>6. <a href=\"https:\/\/krabat.se\/en\/kalas\/10-utomhuslekar\/kurragomma\/\">Kurrag\u00f6mma i tr\u00e4dg\u00e5rden<\/a><\/h3>\n<p>Klassiker! Se till att omr\u00e5det \u00e4r s\u00e4kert och avgr\u00e4nsat, s\u00e5 barnen inte g\u00f6mmer sig f\u00f6r l\u00e5ngt bort.<\/p>\n<h3>7. <a href=\"https:\/\/krabat.se\/en\/kalas\/10-utomhuslekar\/dragkamp\/\">Dragkamp<\/a><\/h3>\n<p>Dela in i tv\u00e5 lag och anv\u00e4nd ett rep \u2013 extra kul om man har en filt i mitten som gr\u00e4ns.<\/p>\n<h3>8. <a href=\"https:\/\/krabat.se\/en\/kalas\/10-utomhuslekar\/vattenstafett\/\">Vattenstafett (varma dagar)<\/a><\/h3>\n<p>Barnen fyller ett glas med vatten, springer till en spann och t\u00f6mmer. F\u00f6rsta laget att fylla sin spann vinner!<\/p>\n<h3>9. <a href=\"https:\/\/krabat.se\/en\/kalas\/10-utomhuslekar\/hinderbana\/\">Hinderbana<\/a><\/h3>\n<p>St\u00e4ll ut koner, tunnlar, stolar att krypa under eller hoppa \u00f6ver \u2013 ett roligt s\u00e4tt att f\u00e5 spring i benen.<\/p>\n<h3>10. <a href=\"https:\/\/krabat.se\/en\/kalas\/10-utomhuslekar\/ballongjakt\/\">Ballongjakt<\/a><\/h3>\n<p>Bl\u00e5s upp ballonger och sl\u00e4pp ut dem p\u00e5 gr\u00e4set. L\u00e5t barnen samla s\u00e5 m\u00e5nga de kan \u2013 eller knyt fast dem vid fotleden och f\u00f6rs\u00f6k &#8221;panga&#8221; andras ballonger!<\/p>","protected":false},"excerpt":{"rendered":"<p>1. Skattjakt G\u00f6m en &#8221;skatt&#8221; (godisp\u00e5sar, sm\u00e5 leksaker) och ge barnen en karta eller ledtr\u00e5dar att f\u00f6lja. Funkar b\u00e5de som laglek och individuellt. 2. S\u00e4ckhoppning Ge varje barn en potatiss\u00e4ck eller\u2026<\/p>","protected":false},"author":2,"featured_media":0,"parent":138,"menu_order":0,"comment_status":"closed","ping_status":"closed","template":"","meta":{"footnotes":""},"class_list":["post-178","page","type-page","status-publish","hentry"],"yoast_head":"<!-- This site is optimized with the Yoast SEO plugin v26.7 - https:\/\/yoast.com\/wordpress\/plugins\/seo\/ -->\n<title>10 Utomhuslekar - Krabat<\/title>\n<meta name=\"robots\" content=\"index, follow, max-snippet:-1, max-image-preview:large, max-video-preview:-1\" \/>\n<link rel=\"canonical\" href=\"https:\/\/krabat.se\/en\/kalas\/10-utomhuslekar\/\" \/>\n<meta property=\"og:locale\" content=\"en_US\" \/>\n<meta property=\"og:type\" content=\"article\" \/>\n<meta property=\"og:title\" content=\"10 Utomhuslekar - Krabat\" \/>\n<meta property=\"og:description\" content=\"1. Skattjakt G\u00f6m en &#8221;skatt&#8221; (godisp\u00e5sar, sm\u00e5 leksaker) och ge barnen en karta eller ledtr\u00e5dar att f\u00f6lja. Funkar b\u00e5de som laglek och individuellt. 2. S\u00e4ckhoppning Ge varje barn en potatiss\u00e4ck eller\u2026\" \/>\n<meta property=\"og:url\" content=\"https:\/\/krabat.se\/en\/kalas\/10-utomhuslekar\/\" \/>\n<meta property=\"og:site_name\" content=\"Krabat\" \/>\n<meta property=\"article:modified_time\" content=\"2025-03-24T15:29:41+00:00\" \/>\n<meta name=\"twitter:card\" content=\"summary_large_image\" \/>\n<meta name=\"twitter:label1\" content=\"Est. reading time\" \/>\n\t<meta name=\"twitter:data1\" content=\"1 minute\" \/>\n<script type=\"application\/ld+json\" class=\"yoast-schema-graph\">{\"@context\":\"https:\/\/schema.org\",\"@graph\":[{\"@type\":\"WebPage\",\"@id\":\"https:\/\/krabat.se\/kalas\/10-utomhuslekar\/\",\"url\":\"https:\/\/krabat.se\/kalas\/10-utomhuslekar\/\",\"name\":\"10 Utomhuslekar - Krabat\",\"isPartOf\":{\"@id\":\"https:\/\/krabat.se\/#website\"},\"datePublished\":\"2025-03-24T14:36:58+00:00\",\"dateModified\":\"2025-03-24T15:29:41+00:00\",\"breadcrumb\":{\"@id\":\"https:\/\/krabat.se\/kalas\/10-utomhuslekar\/#breadcrumb\"},\"inLanguage\":\"en-US\",\"potentialAction\":[{\"@type\":\"ReadAction\",\"target\":[\"https:\/\/krabat.se\/kalas\/10-utomhuslekar\/\"]}]},{\"@type\":\"BreadcrumbList\",\"@id\":\"https:\/\/krabat.se\/kalas\/10-utomhuslekar\/#breadcrumb\",\"itemListElement\":[{\"@type\":\"ListItem\",\"position\":1,\"name\":\"Hem\",\"item\":\"https:\/\/krabat.se\/\"},{\"@type\":\"ListItem\",\"position\":2,\"name\":\"Kalas!\",\"item\":\"https:\/\/krabat.se\/kalas\/\"},{\"@type\":\"ListItem\",\"position\":3,\"name\":\"10 Utomhuslekar\"}]},{\"@type\":\"WebSite\",\"@id\":\"https:\/\/krabat.se\/#website\",\"url\":\"https:\/\/krabat.se\/\",\"name\":\"Krabat\",\"description\":\"Krabat \u2013 d\u00e4r leken b\u00f6rjar och fantasin tar vid\",\"publisher\":{\"@id\":\"https:\/\/krabat.se\/#organization\"},\"potentialAction\":[{\"@type\":\"SearchAction\",\"target\":{\"@type\":\"EntryPoint\",\"urlTemplate\":\"https:\/\/krabat.se\/?s={search_term_string}\"},\"query-input\":{\"@type\":\"PropertyValueSpecification\",\"valueRequired\":true,\"valueName\":\"search_term_string\"}}],\"inLanguage\":\"en-US\"},{\"@type\":\"Organization\",\"@id\":\"https:\/\/krabat.se\/#organization\",\"name\":\"Krabat\",\"url\":\"https:\/\/krabat.se\/\",\"logo\":{\"@type\":\"ImageObject\",\"inLanguage\":\"en-US\",\"@id\":\"https:\/\/krabat.se\/#\/schema\/logo\/image\/\",\"url\":\"https:\/\/krabat.se\/wp-content\/uploads\/2025\/09\/Krabat_logga_new-e1770977786364.webp\",\"contentUrl\":\"https:\/\/krabat.se\/wp-content\/uploads\/2025\/09\/Krabat_logga_new-e1770977786364.webp\",\"width\":400,\"height\":102,\"caption\":\"Krabat\"},\"image\":{\"@id\":\"https:\/\/krabat.se\/#\/schema\/logo\/image\/\"}}]}<\/script>\n<!-- \/ Yoast SEO plugin. -->","yoast_head_json":{"title":"10 Utomhuslekar - Krabat","robots":{"index":"index","follow":"follow","max-snippet":"max-snippet:-1","max-image-preview":"max-image-preview:large","max-video-preview":"max-video-preview:-1"},"canonical":"https:\/\/krabat.se\/en\/kalas\/10-utomhuslekar\/","og_locale":"en_US","og_type":"article","og_title":"10 Utomhuslekar - Krabat","og_description":"1. Skattjakt G\u00f6m en &#8221;skatt&#8221; (godisp\u00e5sar, sm\u00e5 leksaker) och ge barnen en karta eller ledtr\u00e5dar att f\u00f6lja. Funkar b\u00e5de som laglek och individuellt. 2. S\u00e4ckhoppning Ge varje barn en potatiss\u00e4ck eller\u2026","og_url":"https:\/\/krabat.se\/en\/kalas\/10-utomhuslekar\/","og_site_name":"Krabat","article_modified_time":"2025-03-24T15:29:41+00:00","twitter_card":"summary_large_image","twitter_misc":{"Est. reading time":"1 minute"},"schema":{"@context":"https:\/\/schema.org","@graph":[{"@type":"WebPage","@id":"https:\/\/krabat.se\/kalas\/10-utomhuslekar\/","url":"https:\/\/krabat.se\/kalas\/10-utomhuslekar\/","name":"10 Utomhuslekar - Krabat","isPartOf":{"@id":"https:\/\/krabat.se\/#website"},"datePublished":"2025-03-24T14:36:58+00:00","dateModified":"2025-03-24T15:29:41+00:00","breadcrumb":{"@id":"https:\/\/krabat.se\/kalas\/10-utomhuslekar\/#breadcrumb"},"inLanguage":"en-US","potentialAction":[{"@type":"ReadAction","target":["https:\/\/krabat.se\/kalas\/10-utomhuslekar\/"]}]},{"@type":"BreadcrumbList","@id":"https:\/\/krabat.se\/kalas\/10-utomhuslekar\/#breadcrumb","itemListElement":[{"@type":"ListItem","position":1,"name":"Hem","item":"https:\/\/krabat.se\/"},{"@type":"ListItem","position":2,"name":"Kalas!","item":"https:\/\/krabat.se\/kalas\/"},{"@type":"ListItem","position":3,"name":"10 Utomhuslekar"}]},{"@type":"WebSite","@id":"https:\/\/krabat.se\/#website","url":"https:\/\/krabat.se\/","name":"Krabat","description":"Krabat \u2013 d\u00e4r leken b\u00f6rjar och fantasin tar vid","publisher":{"@id":"https:\/\/krabat.se\/#organization"},"potentialAction":[{"@type":"SearchAction","target":{"@type":"EntryPoint","urlTemplate":"https:\/\/krabat.se\/?s={search_term_string}"},"query-input":{"@type":"PropertyValueSpecification","valueRequired":true,"valueName":"search_term_string"}}],"inLanguage":"en-US"},{"@type":"Organization","@id":"https:\/\/krabat.se\/#organization","name":"Krabat","url":"https:\/\/krabat.se\/","logo":{"@type":"ImageObject","inLanguage":"en-US","@id":"https:\/\/krabat.se\/#\/schema\/logo\/image\/","url":"https:\/\/krabat.se\/wp-content\/uploads\/2025\/09\/Krabat_logga_new-e1770977786364.webp","contentUrl":"https:\/\/krabat.se\/wp-content\/uploads\/2025\/09\/Krabat_logga_new-e1770977786364.webp","width":400,"height":102,"caption":"Krabat"},"image":{"@id":"https:\/\/krabat.se\/#\/schema\/logo\/image\/"}}]}},"_links":{"self":[{"href":"https:\/\/krabat.se\/en\/wp-json\/wp\/v2\/pages\/178","targetHints":{"allow":["GET"]}}],"collection":[{"href":"https:\/\/krabat.se\/en\/wp-json\/wp\/v2\/pages"}],"about":[{"href":"https:\/\/krabat.se\/en\/wp-json\/wp\/v2\/types\/page"}],"author":[{"embeddable":true,"href":"https:\/\/krabat.se\/en\/wp-json\/wp\/v2\/users\/2"}],"replies":[{"embeddable":true,"href":"https:\/\/krabat.se\/en\/wp-json\/wp\/v2\/comments?post=178"}],"version-history":[{"count":6,"href":"https:\/\/krabat.se\/en\/wp-json\/wp\/v2\/pages\/178\/revisions"}],"predecessor-version":[{"id":224,"href":"https:\/\/krabat.se\/en\/wp-json\/wp\/v2\/pages\/178\/revisions\/224"}],"up":[{"embeddable":true,"href":"https:\/\/krabat.se\/en\/wp-json\/wp\/v2\/pages\/138"}],"wp:attachment":[{"href":"https:\/\/krabat.se\/en\/wp-json\/wp\/v2\/media?parent=178"}],"curies":[{"name":"wp","href":"https:\/\/api.w.org\/{rel}","templated":true}]}}