{"id":119,"date":"2025-03-24T13:04:22","date_gmt":"2025-03-24T13:04:22","guid":{"rendered":"https:\/\/krabat.se\/?page_id=119"},"modified":"2025-03-24T13:04:22","modified_gmt":"2025-03-24T13:04:22","slug":"satta-svansen-pa-asnan","status":"publish","type":"page","link":"https:\/\/krabat.se\/en\/lekar\/satta-svansen-pa-asnan\/","title":{"rendered":"S\u00e4tta svansen p\u00e5 \u00e5snan"},"content":{"rendered":"<h3>\ud83d\udc34 Hur spelar man S\u00e4tta svansen p\u00e5 \u00e5snan?<\/h3>\n<p><strong>\u00c5lder:<\/strong> Fr\u00e5n ca 3 \u00e5r och upp\u00e5t<br \/>\n<strong>Antal deltagare:<\/strong> 2 eller fler<br \/>\n<strong>Plats:<\/strong> Inomhus eller utomhus \u2013 mot en v\u00e4gg eller en stadig skiva<\/p>\n<hr \/>\n<h3>Du beh\u00f6ver:<\/h3>\n<ul>\n<li>En <strong>bild p\u00e5 en \u00e5sna (eller annan figur)<\/strong> \u2013 utan svans<\/li>\n<li>Flera <strong>l\u00f6stagbara \u201csvansar\u201d<\/strong> \u2013 t.ex. av papper, tyg eller garn (en per barn)<\/li>\n<li><strong>\u00d6gonbindel<\/strong> eller sjal<\/li>\n<li><strong>Tejp eller h\u00e4ftmassa<\/strong> f\u00f6r att f\u00e4sta svansen<\/li>\n<\/ul>\n<hr \/>\n<h3>S\u00e5 h\u00e4r g\u00f6r du:<\/h3>\n<ol>\n<li>F\u00e4st bilden p\u00e5 v\u00e4ggen i barnens \u00f6gonh\u00f6jd.<\/li>\n<li>Markera exakt var svansen ska sitta (kan d\u00f6ljas av tejp f\u00f6r r\u00e4tt position).<\/li>\n<li>Turas om att l\u00e5ta varje barn: \u2013 f\u00e5 \u00f6gonbindel<br \/>\n\u2013 snurra runt 2\u20133 varv (om barnet vill!)<br \/>\n\u2013 g\u00e5 fram\u00e5t och f\u00f6rs\u00f6ka s\u00e4tta fast svansen d\u00e4r den h\u00f6r hemma<\/li>\n<li>Skriv barnets namn p\u00e5 varje svans och se vem som kommer n\u00e4rmast! \ud83c\udfaf<\/li>\n<\/ol>\n<hr \/>\n<h3>\ud83c\udf89 Tips och tricks f\u00f6r att g\u00f6ra leken roligare<\/h3>\n<p>\u2705 <strong>Byt ut \u00e5snan mot annat tema<\/strong><br \/>\n\u2013 Pirat med \u00f6gonlapp<br \/>\n\u2013 Enh\u00f6rning med horn<br \/>\n\u2013 Sn\u00f6gubbe med morotsn\u00e4sa<br \/>\n\u2013 Dinosaurie med taggar<br \/>\n\u2013 Prinsessa med krona<br \/>\nByt efter kalastema eller barnens intressen!<\/p>\n<p>\u2705 <strong>Anv\u00e4nd f\u00e4rgglada svansar med namn<\/strong><br \/>\nS\u00e5 blir det l\u00e4tt att se vem som satte vad \u2013 och det blir extra kul att titta p\u00e5 i efterhand!<\/p>\n<p>\u2705 <strong>Skapa en rolig ber\u00e4ttelse<\/strong><br \/>\nG\u00f6r det till en liten saga: \u201cDen stackars \u00e5snan tappade svansen p\u00e5 v\u00e4g till kalaset \u2013 kan du hj\u00e4lpa honom?\u201d<\/p>\n<p>\u2705 <strong>Bel\u00f6na p\u00e5hittighet, inte bara precision<\/strong><br \/>\nGe ett pris till den som satte svansen b\u00e4st \u2013 men ocks\u00e5 till t.ex. \u201croligaste plats\u201d, \u201cmest kreativ placering\u201d eller \u201cmest snurriga f\u00f6rs\u00f6k\u201d.<\/p>\n<p>\u2705 <strong>Kombinera med musik<\/strong><br \/>\nS\u00e4tt p\u00e5 kort musik mellan deltagare f\u00f6r att skapa tempo och gl\u00e4dje i v\u00e4ntan!<\/p>\n<p>\u2705 <strong>Anv\u00e4nd en rolig \u00f6gonbindel<\/strong><br \/>\nEn sovmask med ett tokigt motiv g\u00f6r det \u00e4nnu festligare.<\/p>\n<p>\u2705 <strong>G\u00f6r en \u201cmissad\u201d svans till skratt<\/strong><br \/>\nN\u00e4r n\u00e5gon s\u00e4tter svansen p\u00e5 \u00f6rat eller huvudet \u2013 l\u00e5t det bli ett tillf\u00e4lle f\u00f6r skratt, inte misslyckande.<\/p>\n<p>\u2705 <strong>L\u00e5t barnen rita egna figurer<\/strong><br \/>\nSt\u00f6rre barn kan f\u00f6rst f\u00e5 rita egna figurer utan delar (exempel: ett lejon utan svans eller ett monster utan \u00f6ga), som de sen anv\u00e4nder i leken!<\/p>","protected":false},"excerpt":{"rendered":"<p>\ud83d\udc34 Hur spelar man S\u00e4tta svansen p\u00e5 \u00e5snan? \u00c5lder: Fr\u00e5n ca 3 \u00e5r och upp\u00e5t Antal deltagare: 2 eller fler Plats: Inomhus eller utomhus \u2013 mot en v\u00e4gg eller en stadig\u2026<\/p>","protected":false},"author":2,"featured_media":0,"parent":84,"menu_order":0,"comment_status":"closed","ping_status":"closed","template":"","meta":{"footnotes":""},"class_list":["post-119","page","type-page","status-publish","hentry"],"yoast_head":"<!-- This site is optimized with the Yoast SEO plugin v26.7 - https:\/\/yoast.com\/wordpress\/plugins\/seo\/ -->\n<title>S\u00e4tta svansen p\u00e5 \u00e5snan - Krabat<\/title>\n<meta name=\"robots\" content=\"index, follow, max-snippet:-1, max-image-preview:large, max-video-preview:-1\" \/>\n<link rel=\"canonical\" href=\"https:\/\/krabat.se\/en\/lekar\/satta-svansen-pa-asnan\/\" \/>\n<meta property=\"og:locale\" content=\"en_US\" \/>\n<meta property=\"og:type\" content=\"article\" \/>\n<meta property=\"og:title\" content=\"S\u00e4tta svansen p\u00e5 \u00e5snan - Krabat\" \/>\n<meta property=\"og:description\" content=\"\ud83d\udc34 Hur spelar man S\u00e4tta svansen p\u00e5 \u00e5snan? \u00c5lder: Fr\u00e5n ca 3 \u00e5r och upp\u00e5t Antal deltagare: 2 eller fler Plats: Inomhus eller utomhus \u2013 mot en v\u00e4gg eller en stadig\u2026\" \/>\n<meta property=\"og:url\" content=\"https:\/\/krabat.se\/en\/lekar\/satta-svansen-pa-asnan\/\" \/>\n<meta property=\"og:site_name\" content=\"Krabat\" \/>\n<meta name=\"twitter:card\" content=\"summary_large_image\" \/>\n<meta name=\"twitter:label1\" content=\"Est. reading time\" \/>\n\t<meta name=\"twitter:data1\" content=\"2 minutes\" \/>\n<script type=\"application\/ld+json\" class=\"yoast-schema-graph\">{\"@context\":\"https:\/\/schema.org\",\"@graph\":[{\"@type\":\"WebPage\",\"@id\":\"https:\/\/krabat.se\/lekar\/satta-svansen-pa-asnan\/\",\"url\":\"https:\/\/krabat.se\/lekar\/satta-svansen-pa-asnan\/\",\"name\":\"S\u00e4tta svansen p\u00e5 \u00e5snan - Krabat\",\"isPartOf\":{\"@id\":\"https:\/\/krabat.se\/#website\"},\"datePublished\":\"2025-03-24T13:04:22+00:00\",\"breadcrumb\":{\"@id\":\"https:\/\/krabat.se\/lekar\/satta-svansen-pa-asnan\/#breadcrumb\"},\"inLanguage\":\"en-US\",\"potentialAction\":[{\"@type\":\"ReadAction\",\"target\":[\"https:\/\/krabat.se\/lekar\/satta-svansen-pa-asnan\/\"]}]},{\"@type\":\"BreadcrumbList\",\"@id\":\"https:\/\/krabat.se\/lekar\/satta-svansen-pa-asnan\/#breadcrumb\",\"itemListElement\":[{\"@type\":\"ListItem\",\"position\":1,\"name\":\"Hem\",\"item\":\"https:\/\/krabat.se\/\"},{\"@type\":\"ListItem\",\"position\":2,\"name\":\"Lekar\",\"item\":\"https:\/\/krabat.se\/lekar\/\"},{\"@type\":\"ListItem\",\"position\":3,\"name\":\"S\u00e4tta svansen p\u00e5 \u00e5snan\"}]},{\"@type\":\"WebSite\",\"@id\":\"https:\/\/krabat.se\/#website\",\"url\":\"https:\/\/krabat.se\/\",\"name\":\"Krabat\",\"description\":\"Krabat \u2013 d\u00e4r leken b\u00f6rjar och fantasin tar vid\",\"publisher\":{\"@id\":\"https:\/\/krabat.se\/#organization\"},\"potentialAction\":[{\"@type\":\"SearchAction\",\"target\":{\"@type\":\"EntryPoint\",\"urlTemplate\":\"https:\/\/krabat.se\/?s={search_term_string}\"},\"query-input\":{\"@type\":\"PropertyValueSpecification\",\"valueRequired\":true,\"valueName\":\"search_term_string\"}}],\"inLanguage\":\"en-US\"},{\"@type\":\"Organization\",\"@id\":\"https:\/\/krabat.se\/#organization\",\"name\":\"Krabat\",\"url\":\"https:\/\/krabat.se\/\",\"logo\":{\"@type\":\"ImageObject\",\"inLanguage\":\"en-US\",\"@id\":\"https:\/\/krabat.se\/#\/schema\/logo\/image\/\",\"url\":\"https:\/\/krabat.se\/wp-content\/uploads\/2025\/09\/Krabat_logga_new-e1770977786364.webp\",\"contentUrl\":\"https:\/\/krabat.se\/wp-content\/uploads\/2025\/09\/Krabat_logga_new-e1770977786364.webp\",\"width\":400,\"height\":102,\"caption\":\"Krabat\"},\"image\":{\"@id\":\"https:\/\/krabat.se\/#\/schema\/logo\/image\/\"}}]}<\/script>\n<!-- \/ Yoast SEO plugin. -->","yoast_head_json":{"title":"S\u00e4tta svansen p\u00e5 \u00e5snan - Krabat","robots":{"index":"index","follow":"follow","max-snippet":"max-snippet:-1","max-image-preview":"max-image-preview:large","max-video-preview":"max-video-preview:-1"},"canonical":"https:\/\/krabat.se\/en\/lekar\/satta-svansen-pa-asnan\/","og_locale":"en_US","og_type":"article","og_title":"S\u00e4tta svansen p\u00e5 \u00e5snan - Krabat","og_description":"\ud83d\udc34 Hur spelar man S\u00e4tta svansen p\u00e5 \u00e5snan? \u00c5lder: Fr\u00e5n ca 3 \u00e5r och upp\u00e5t Antal deltagare: 2 eller fler Plats: Inomhus eller utomhus \u2013 mot en v\u00e4gg eller en stadig\u2026","og_url":"https:\/\/krabat.se\/en\/lekar\/satta-svansen-pa-asnan\/","og_site_name":"Krabat","twitter_card":"summary_large_image","twitter_misc":{"Est. reading time":"2 minutes"},"schema":{"@context":"https:\/\/schema.org","@graph":[{"@type":"WebPage","@id":"https:\/\/krabat.se\/lekar\/satta-svansen-pa-asnan\/","url":"https:\/\/krabat.se\/lekar\/satta-svansen-pa-asnan\/","name":"S\u00e4tta svansen p\u00e5 \u00e5snan - Krabat","isPartOf":{"@id":"https:\/\/krabat.se\/#website"},"datePublished":"2025-03-24T13:04:22+00:00","breadcrumb":{"@id":"https:\/\/krabat.se\/lekar\/satta-svansen-pa-asnan\/#breadcrumb"},"inLanguage":"en-US","potentialAction":[{"@type":"ReadAction","target":["https:\/\/krabat.se\/lekar\/satta-svansen-pa-asnan\/"]}]},{"@type":"BreadcrumbList","@id":"https:\/\/krabat.se\/lekar\/satta-svansen-pa-asnan\/#breadcrumb","itemListElement":[{"@type":"ListItem","position":1,"name":"Hem","item":"https:\/\/krabat.se\/"},{"@type":"ListItem","position":2,"name":"Lekar","item":"https:\/\/krabat.se\/lekar\/"},{"@type":"ListItem","position":3,"name":"S\u00e4tta svansen p\u00e5 \u00e5snan"}]},{"@type":"WebSite","@id":"https:\/\/krabat.se\/#website","url":"https:\/\/krabat.se\/","name":"Krabat","description":"Krabat \u2013 d\u00e4r leken b\u00f6rjar och fantasin tar vid","publisher":{"@id":"https:\/\/krabat.se\/#organization"},"potentialAction":[{"@type":"SearchAction","target":{"@type":"EntryPoint","urlTemplate":"https:\/\/krabat.se\/?s={search_term_string}"},"query-input":{"@type":"PropertyValueSpecification","valueRequired":true,"valueName":"search_term_string"}}],"inLanguage":"en-US"},{"@type":"Organization","@id":"https:\/\/krabat.se\/#organization","name":"Krabat","url":"https:\/\/krabat.se\/","logo":{"@type":"ImageObject","inLanguage":"en-US","@id":"https:\/\/krabat.se\/#\/schema\/logo\/image\/","url":"https:\/\/krabat.se\/wp-content\/uploads\/2025\/09\/Krabat_logga_new-e1770977786364.webp","contentUrl":"https:\/\/krabat.se\/wp-content\/uploads\/2025\/09\/Krabat_logga_new-e1770977786364.webp","width":400,"height":102,"caption":"Krabat"},"image":{"@id":"https:\/\/krabat.se\/#\/schema\/logo\/image\/"}}]}},"_links":{"self":[{"href":"https:\/\/krabat.se\/en\/wp-json\/wp\/v2\/pages\/119","targetHints":{"allow":["GET"]}}],"collection":[{"href":"https:\/\/krabat.se\/en\/wp-json\/wp\/v2\/pages"}],"about":[{"href":"https:\/\/krabat.se\/en\/wp-json\/wp\/v2\/types\/page"}],"author":[{"embeddable":true,"href":"https:\/\/krabat.se\/en\/wp-json\/wp\/v2\/users\/2"}],"replies":[{"embeddable":true,"href":"https:\/\/krabat.se\/en\/wp-json\/wp\/v2\/comments?post=119"}],"version-history":[{"count":1,"href":"https:\/\/krabat.se\/en\/wp-json\/wp\/v2\/pages\/119\/revisions"}],"predecessor-version":[{"id":120,"href":"https:\/\/krabat.se\/en\/wp-json\/wp\/v2\/pages\/119\/revisions\/120"}],"up":[{"embeddable":true,"href":"https:\/\/krabat.se\/en\/wp-json\/wp\/v2\/pages\/84"}],"wp:attachment":[{"href":"https:\/\/krabat.se\/en\/wp-json\/wp\/v2\/media?parent=119"}],"curies":[{"name":"wp","href":"https:\/\/api.w.org\/{rel}","templated":true}]}}