{"id":117,"date":"2025-03-24T13:01:22","date_gmt":"2025-03-24T13:01:22","guid":{"rendered":"https:\/\/krabat.se\/?page_id=117"},"modified":"2025-03-24T13:01:22","modified_gmt":"2025-03-24T13:01:22","slug":"klappleken","status":"publish","type":"page","link":"https:\/\/krabat.se\/en\/lekar\/klappleken\/","title":{"rendered":"Klappleken"},"content":{"rendered":"<h3>\ud83d\udc4f Hur leker man Klappleken?<\/h3>\n<p><strong>\u00c5lder:<\/strong> Fr\u00e5n ca 4 \u00e5r och upp\u00e5t<br \/>\n<strong>Antal deltagare:<\/strong> 2 eller fler \u2013 b\u00e4st i par eller i ring<\/p>\n<hr \/>\n<h3>Variant 1: Klappleken i ring<\/h3>\n<ol>\n<li>Alla sitter eller st\u00e5r i en ring med handflatorna riktade \u00e5t sidorna (v\u00e4nsterhand upp, h\u00f6gerhand ned mot n\u00e4sta persons).<\/li>\n<li>En person b\u00f6rjar med att <strong>klappa med sin h\u00f6gra hand p\u00e5 personens v\u00e4nstra hand bredvid sig<\/strong>.<\/li>\n<li>\u201cKlappen\u201d skickas vidare \u00e5t samma h\u00e5ll, hand f\u00f6r hand, runt ringen.<\/li>\n<li>G\u00f6r det i ett j\u00e4mt tempo och h\u00e5ll rytmen \u2013 om n\u00e5gon klappar fel, gl\u00f6mmer eller tvekar: den personen f\u00e5r t.ex. g\u00e5 ur ringen eller g\u00f6ra n\u00e5got roligt (se tips nedan).<\/li>\n<\/ol>\n<hr \/>\n<h3>Variant 2: Klapplek i par<\/h3>\n<ol>\n<li>Tv\u00e5 barn st\u00e5r mittemot varandra och g\u00f6r en <strong>f\u00f6rutbest\u00e4md klappramsa<\/strong>.<\/li>\n<li>Exempel:\n<ul>\n<li>Klappa egna h\u00e4nder<\/li>\n<li>Klappa b\u00e5da kompisens h\u00e4nder<\/li>\n<li>Klappa h\u00f6ger hand med h\u00f6ger hand<\/li>\n<li>Klappa v\u00e4nster hand med v\u00e4nster hand<\/li>\n<li>Repetera i takt!<\/li>\n<\/ul>\n<\/li>\n<li>\u00d6ka sv\u00e5righeten med ramsor, r\u00f6relser eller snabbare tempo.<\/li>\n<\/ol>\n<hr \/>\n<h3>\ud83c\udf89 Tips och tricks f\u00f6r att g\u00f6ra klappleken \u00e4nnu roligare<\/h3>\n<p>\u2705 <strong>L\u00e4gg till en ramsa<\/strong><br \/>\nExempel:<br \/>\n\u201c<em><a href=\"https:\/\/krabat.se\/en\/lucia\/en-sockerbagare\/\">En sockerbagare<\/a> h\u00e4r bor i staden\u2026<\/em>\u201d<br \/>\neller hitta p\u00e5 en egen klappramsa \u2013 barn \u00e4lskar att skapa sj\u00e4lva!<\/p>\n<p>\u2705 <strong>Byt riktning!<\/strong><br \/>\nN\u00e4r som helst kan ledaren ropa &#8221;Byt h\u00e5ll!&#8221; \u2013 klappen v\u00e4nder d\u00e5 riktning och g\u00e5r motsatt v\u00e4g i ringen. H\u00e5ller barnen koll?<\/p>\n<p>\u2705 <strong>K\u00f6r i olika tempon<\/strong><br \/>\nB\u00f6rja l\u00e5ngsamt, \u00f6ka tempot gradvis. Barnen f\u00e5r fnatt av skratt n\u00e4r det g\u00e5r riktigt snabbt!<\/p>\n<p>\u2705 <strong>Inf\u00f6r ett hemligt ljud eller r\u00f6relse<\/strong><br \/>\nByt ut en klapp mot t.ex. en kn\u00e4pp med fingrarna eller en handviftning. Den som g\u00f6r fel f\u00e5r dansa ett varv, g\u00f6ra en rolig grimas eller s\u00e4ga n\u00e5got tokigt.<\/p>\n<p>\u2705 <strong>Klapplek i musikform<\/strong><br \/>\nS\u00e4tt p\u00e5 musik med tydlig rytm och l\u00e5t barnen f\u00f6lja med i takten med sina klappar. Testa \u00e4ven att klappa till versen eller refr\u00e4ngen.<\/p>\n<p>\u2705 <strong>Turnering eller stafett<\/strong><br \/>\nK\u00f6r klappleken i lag \u2013 vilket lag klarar flest klappar utan avbrott?<\/p>\n<p>\u2705 <strong>M\u00f6rkerklapplek med \u00f6gonbindel<\/strong><br \/>\nF\u00f6r \u00e4ldre barn \u2013 ta bort synintryck och lek i m\u00f6rker eller med \u00f6gonbindel f\u00f6r att \u00f6va p\u00e5 k\u00e4nsla och lyh\u00f6rdhet.<\/p>\n<p>\u2705 <strong>Kreativ klapplek<\/strong><br \/>\nGe barnen i uppdrag att sj\u00e4lva skapa ett \u201cklappm\u00f6nster\u201d som de sedan l\u00e4r ut till gruppen. Perfekt f\u00f6r b\u00e5de fantasi och sj\u00e4lvf\u00f6rtroende.<\/p>","protected":false},"excerpt":{"rendered":"<p>\ud83d\udc4f Hur leker man Klappleken? \u00c5lder: Fr\u00e5n ca 4 \u00e5r och upp\u00e5t Antal deltagare: 2 eller fler \u2013 b\u00e4st i par eller i ring Variant 1: Klappleken i ring Alla sitter\u2026<\/p>","protected":false},"author":2,"featured_media":0,"parent":84,"menu_order":0,"comment_status":"closed","ping_status":"closed","template":"","meta":{"footnotes":""},"class_list":["post-117","page","type-page","status-publish","hentry"],"yoast_head":"<!-- This site is optimized with the Yoast SEO plugin v26.7 - https:\/\/yoast.com\/wordpress\/plugins\/seo\/ -->\n<title>Klappleken - Krabat<\/title>\n<meta name=\"robots\" content=\"index, follow, max-snippet:-1, max-image-preview:large, max-video-preview:-1\" \/>\n<link rel=\"canonical\" href=\"https:\/\/krabat.se\/en\/lekar\/klappleken\/\" \/>\n<meta property=\"og:locale\" content=\"en_US\" \/>\n<meta property=\"og:type\" content=\"article\" \/>\n<meta property=\"og:title\" content=\"Klappleken - Krabat\" \/>\n<meta property=\"og:description\" content=\"\ud83d\udc4f Hur leker man Klappleken? \u00c5lder: Fr\u00e5n ca 4 \u00e5r och upp\u00e5t Antal deltagare: 2 eller fler \u2013 b\u00e4st i par eller i ring Variant 1: Klappleken i ring Alla sitter\u2026\" \/>\n<meta property=\"og:url\" content=\"https:\/\/krabat.se\/en\/lekar\/klappleken\/\" \/>\n<meta property=\"og:site_name\" content=\"Krabat\" \/>\n<meta name=\"twitter:card\" content=\"summary_large_image\" \/>\n<meta name=\"twitter:label1\" content=\"Est. reading time\" \/>\n\t<meta name=\"twitter:data1\" content=\"2 minutes\" \/>\n<script type=\"application\/ld+json\" class=\"yoast-schema-graph\">{\"@context\":\"https:\/\/schema.org\",\"@graph\":[{\"@type\":\"WebPage\",\"@id\":\"https:\/\/krabat.se\/lekar\/klappleken\/\",\"url\":\"https:\/\/krabat.se\/lekar\/klappleken\/\",\"name\":\"Klappleken - Krabat\",\"isPartOf\":{\"@id\":\"https:\/\/krabat.se\/#website\"},\"datePublished\":\"2025-03-24T13:01:22+00:00\",\"breadcrumb\":{\"@id\":\"https:\/\/krabat.se\/lekar\/klappleken\/#breadcrumb\"},\"inLanguage\":\"en-US\",\"potentialAction\":[{\"@type\":\"ReadAction\",\"target\":[\"https:\/\/krabat.se\/lekar\/klappleken\/\"]}]},{\"@type\":\"BreadcrumbList\",\"@id\":\"https:\/\/krabat.se\/lekar\/klappleken\/#breadcrumb\",\"itemListElement\":[{\"@type\":\"ListItem\",\"position\":1,\"name\":\"Hem\",\"item\":\"https:\/\/krabat.se\/\"},{\"@type\":\"ListItem\",\"position\":2,\"name\":\"Lekar\",\"item\":\"https:\/\/krabat.se\/lekar\/\"},{\"@type\":\"ListItem\",\"position\":3,\"name\":\"Klappleken\"}]},{\"@type\":\"WebSite\",\"@id\":\"https:\/\/krabat.se\/#website\",\"url\":\"https:\/\/krabat.se\/\",\"name\":\"Krabat\",\"description\":\"Krabat \u2013 d\u00e4r leken b\u00f6rjar och fantasin tar vid\",\"publisher\":{\"@id\":\"https:\/\/krabat.se\/#organization\"},\"potentialAction\":[{\"@type\":\"SearchAction\",\"target\":{\"@type\":\"EntryPoint\",\"urlTemplate\":\"https:\/\/krabat.se\/?s={search_term_string}\"},\"query-input\":{\"@type\":\"PropertyValueSpecification\",\"valueRequired\":true,\"valueName\":\"search_term_string\"}}],\"inLanguage\":\"en-US\"},{\"@type\":\"Organization\",\"@id\":\"https:\/\/krabat.se\/#organization\",\"name\":\"Krabat\",\"url\":\"https:\/\/krabat.se\/\",\"logo\":{\"@type\":\"ImageObject\",\"inLanguage\":\"en-US\",\"@id\":\"https:\/\/krabat.se\/#\/schema\/logo\/image\/\",\"url\":\"https:\/\/krabat.se\/wp-content\/uploads\/2025\/09\/Krabat_logga_new-e1770977786364.webp\",\"contentUrl\":\"https:\/\/krabat.se\/wp-content\/uploads\/2025\/09\/Krabat_logga_new-e1770977786364.webp\",\"width\":400,\"height\":102,\"caption\":\"Krabat\"},\"image\":{\"@id\":\"https:\/\/krabat.se\/#\/schema\/logo\/image\/\"}}]}<\/script>\n<!-- \/ Yoast SEO plugin. -->","yoast_head_json":{"title":"Klappleken - Krabat","robots":{"index":"index","follow":"follow","max-snippet":"max-snippet:-1","max-image-preview":"max-image-preview:large","max-video-preview":"max-video-preview:-1"},"canonical":"https:\/\/krabat.se\/en\/lekar\/klappleken\/","og_locale":"en_US","og_type":"article","og_title":"Klappleken - Krabat","og_description":"\ud83d\udc4f Hur leker man Klappleken? \u00c5lder: Fr\u00e5n ca 4 \u00e5r och upp\u00e5t Antal deltagare: 2 eller fler \u2013 b\u00e4st i par eller i ring Variant 1: Klappleken i ring Alla sitter\u2026","og_url":"https:\/\/krabat.se\/en\/lekar\/klappleken\/","og_site_name":"Krabat","twitter_card":"summary_large_image","twitter_misc":{"Est. reading time":"2 minutes"},"schema":{"@context":"https:\/\/schema.org","@graph":[{"@type":"WebPage","@id":"https:\/\/krabat.se\/lekar\/klappleken\/","url":"https:\/\/krabat.se\/lekar\/klappleken\/","name":"Klappleken - Krabat","isPartOf":{"@id":"https:\/\/krabat.se\/#website"},"datePublished":"2025-03-24T13:01:22+00:00","breadcrumb":{"@id":"https:\/\/krabat.se\/lekar\/klappleken\/#breadcrumb"},"inLanguage":"en-US","potentialAction":[{"@type":"ReadAction","target":["https:\/\/krabat.se\/lekar\/klappleken\/"]}]},{"@type":"BreadcrumbList","@id":"https:\/\/krabat.se\/lekar\/klappleken\/#breadcrumb","itemListElement":[{"@type":"ListItem","position":1,"name":"Hem","item":"https:\/\/krabat.se\/"},{"@type":"ListItem","position":2,"name":"Lekar","item":"https:\/\/krabat.se\/lekar\/"},{"@type":"ListItem","position":3,"name":"Klappleken"}]},{"@type":"WebSite","@id":"https:\/\/krabat.se\/#website","url":"https:\/\/krabat.se\/","name":"Krabat","description":"Krabat \u2013 d\u00e4r leken b\u00f6rjar och fantasin tar vid","publisher":{"@id":"https:\/\/krabat.se\/#organization"},"potentialAction":[{"@type":"SearchAction","target":{"@type":"EntryPoint","urlTemplate":"https:\/\/krabat.se\/?s={search_term_string}"},"query-input":{"@type":"PropertyValueSpecification","valueRequired":true,"valueName":"search_term_string"}}],"inLanguage":"en-US"},{"@type":"Organization","@id":"https:\/\/krabat.se\/#organization","name":"Krabat","url":"https:\/\/krabat.se\/","logo":{"@type":"ImageObject","inLanguage":"en-US","@id":"https:\/\/krabat.se\/#\/schema\/logo\/image\/","url":"https:\/\/krabat.se\/wp-content\/uploads\/2025\/09\/Krabat_logga_new-e1770977786364.webp","contentUrl":"https:\/\/krabat.se\/wp-content\/uploads\/2025\/09\/Krabat_logga_new-e1770977786364.webp","width":400,"height":102,"caption":"Krabat"},"image":{"@id":"https:\/\/krabat.se\/#\/schema\/logo\/image\/"}}]}},"_links":{"self":[{"href":"https:\/\/krabat.se\/en\/wp-json\/wp\/v2\/pages\/117","targetHints":{"allow":["GET"]}}],"collection":[{"href":"https:\/\/krabat.se\/en\/wp-json\/wp\/v2\/pages"}],"about":[{"href":"https:\/\/krabat.se\/en\/wp-json\/wp\/v2\/types\/page"}],"author":[{"embeddable":true,"href":"https:\/\/krabat.se\/en\/wp-json\/wp\/v2\/users\/2"}],"replies":[{"embeddable":true,"href":"https:\/\/krabat.se\/en\/wp-json\/wp\/v2\/comments?post=117"}],"version-history":[{"count":1,"href":"https:\/\/krabat.se\/en\/wp-json\/wp\/v2\/pages\/117\/revisions"}],"predecessor-version":[{"id":118,"href":"https:\/\/krabat.se\/en\/wp-json\/wp\/v2\/pages\/117\/revisions\/118"}],"up":[{"embeddable":true,"href":"https:\/\/krabat.se\/en\/wp-json\/wp\/v2\/pages\/84"}],"wp:attachment":[{"href":"https:\/\/krabat.se\/en\/wp-json\/wp\/v2\/media?parent=117"}],"curies":[{"name":"wp","href":"https:\/\/api.w.org\/{rel}","templated":true}]}}